{"id":836,"date":"2025-04-24T09:06:16","date_gmt":"2025-04-24T02:06:16","guid":{"rendered":"https:\/\/ematechvn.com\/?page_id=836"},"modified":"2025-04-29T11:52:59","modified_gmt":"2025-04-29T04:52:59","slug":"lien-he","status":"publish","type":"page","link":"https:\/\/ematechvn.com\/?page_id=836","title":{"rendered":"Li\u00ean h\u1ec7"},"content":{"rendered":"<p>[vc_row full_width=&#8221;stretch_row&#8221; css=&#8221;.vc_custom_1745918083720{padding-top: 30px !important;padding-bottom: 30px !important;background-image: url(https:\/\/ematechvn.com\/wp-content\/uploads\/2025\/04\/bg.jpg?id=1023) !important;background-position: center !important;background-repeat: no-repeat !important;background-size: cover !important;}&#8221;][vc_column width=&#8221;1\/2&#8243;]<div role=\"form\" class=\"wpcf7\" id=\"wpcf7-f838-o1\" lang=\"vi\" dir=\"ltr\">\n<div class=\"screen-reader-response\"><\/div>\n<form action=\"\/index.php?rest_route=%2Fwp%2Fv2%2Fpages%2F836#wpcf7-f838-o1\" method=\"post\" class=\"wpcf7-form\" novalidate=\"novalidate\">\n<div style=\"display: none;\">\n<input type=\"hidden\" name=\"_wpcf7\" value=\"838\" \/>\n<input type=\"hidden\" name=\"_wpcf7_version\" value=\"5.1.6\" \/>\n<input type=\"hidden\" name=\"_wpcf7_locale\" value=\"vi\" \/>\n<input type=\"hidden\" name=\"_wpcf7_unit_tag\" value=\"wpcf7-f838-o1\" \/>\n<input type=\"hidden\" name=\"_wpcf7_container_post\" value=\"0\" \/>\n<\/div>\n<p>T\u00ean c\u1ee7a b\u1ea1n<br \/>\n    <span class=\"wpcf7-form-control-wrap text-906\"><input type=\"text\" name=\"text-906\" value=\"\" size=\"40\" class=\"wpcf7-form-control wpcf7-text wpcf7-validates-as-required\" aria-required=\"true\" aria-invalid=\"false\" \/><\/span> <\/label><\/p>\n<p> \u0110\u1ecba ch\u1ec9 Email<br \/>\n    <span class=\"wpcf7-form-control-wrap email-484\"><input type=\"email\" name=\"email-484\" value=\"\" size=\"40\" class=\"wpcf7-form-control wpcf7-text wpcf7-email wpcf7-validates-as-required wpcf7-validates-as-email\" aria-required=\"true\" aria-invalid=\"false\" \/><\/span> <\/label><\/p>\n<p> S\u1ed1 \u0111i\u1ec7n tho\u1ea1i:<br \/>\n    <span class=\"wpcf7-form-control-wrap text-869\"><input type=\"text\" name=\"text-869\" value=\"\" size=\"40\" class=\"wpcf7-form-control wpcf7-text wpcf7-validates-as-required\" aria-required=\"true\" aria-invalid=\"false\" \/><\/span> <\/label><\/p>\n<p> N\u1ed9i dung c\u1ea7n t\u01b0 v\u1ea5n<br \/>\n    <span class=\"wpcf7-form-control-wrap textarea-358\"><textarea name=\"textarea-358\" cols=\"40\" rows=\"10\" class=\"wpcf7-form-control wpcf7-textarea wpcf7-validates-as-required\" aria-required=\"true\" aria-invalid=\"false\"><\/textarea><\/span> <\/label><\/p>\n<p><input type=\"submit\" value=\"\u0110\u0103ng k\u00fd ngay\" class=\"wpcf7-form-control wpcf7-submit button\" id=\"form-submit\" \/><\/p>\n<div class=\"wpcf7-response-output wpcf7-display-none\"><\/div><\/form><\/div>[\/vc_column][vc_column width=&#8221;1\/2&#8243;][vc_column_text]<\/p>\n<h3><span style=\"font-family: helvetica, arial, sans-serif; font-size: 14pt;\"><strong>TH\u00d4NG TIN LI\u00caN H\u1ec6<\/strong><\/span><\/h3>\n<hr \/>\n<h3><span style=\"font-family: helvetica, arial, sans-serif; font-size: 12pt;\"><strong>C\u00d4NG TY TNHH EMA TECH<\/strong><\/span><\/h3>\n<h3><span style=\"font-family: helvetica, arial, sans-serif; font-size: 12pt;\">\u0110\u1ecba ch\u1ec9: L\u1ea7u 5, Ph\u00f2ng 5.09, To\u00e0 Nh\u00e0 ST Moritz, 1014 Ph\u1ea1m V\u0103n \u0110\u1ed3ng, Ph\u01b0\u1eddng Hi\u1ec7p B\u00ecnh Ch\u00e1nh, Th\u00e0nh ph\u1ed1 Th\u1ee7 \u0110\u1ee9c, Th\u00e0nh ph\u1ed1 H\u1ed3 Ch\u00ed Minh, Vi\u1ec7t Nam<\/span><\/h3>\n<h3><span style=\"font-family: helvetica, arial, sans-serif; font-size: 12pt;\">MST: 0315707931<\/span><\/h3>\n<h3><span style=\"font-family: helvetica, arial, sans-serif; font-size: 12pt;\">E-mail: <a href=\"mailto:info@ematechvn.com\">info@ematechvn.com<\/a><\/span><\/h3>\n<h3><span style=\"font-family: helvetica, arial, sans-serif; font-size: 12pt;\">FANPAGE: <a href=\"https:\/\/www.facebook.com\/thietbigiacongcokhiematech\">https:\/\/www.facebook.com\/thietbigiacongcokhiematech<\/a><\/span><\/h3>\n<h3><span style=\"font-family: helvetica, arial, sans-serif; font-size: 12pt;\">Youtube: <a href=\"https:\/\/www.youtube.com\/@thietbivagiaiphapgiacongco6337\">Thi\u1ebft b\u1ecb v\u00e0 gi\u1ea3i ph\u00e1p gia c\u00f4ng c\u01a1 kh\u00ed EMA TECH<\/a><\/span><\/h3>\n<p>[\/vc_column_text][\/vc_column][\/vc_row]<\/p>\n","protected":false},"excerpt":{"rendered":"<p>[vc_row full_width=&#8221;stretch_row&#8221; css=&#8221;.vc_custom_1745918083720{padding-top: 30px !important;padding-bottom: 30px !important;background-image: url(https:\/\/ematechvn.com\/wp-content\/uploads\/2025\/04\/bg.jpg?id=1023) !important;background-position: center !important;background-repeat: no-repeat !important;background-size: cover !important;}&#8221;][vc_column width=&#8221;1\/2&#8243;][\/vc_column][vc_column width=&#8221;1\/2&#8243;][vc_column_text] TH\u00d4NG TIN LI\u00caN H\u1ec6 C\u00d4NG TY TNHH EMA TECH \u0110\u1ecba ch\u1ec9: L\u1ea7u 5, Ph\u00f2ng 5.09, To\u00e0 Nh\u00e0 ST Moritz, 1014 Ph\u1ea1m V\u0103n \u0110\u1ed3ng, Ph\u01b0\u1eddng Hi\u1ec7p B\u00ecnh Ch\u00e1nh, Th\u00e0nh ph\u1ed1 Th\u1ee7 \u0110\u1ee9c, Th\u00e0nh ph\u1ed1 H\u1ed3 Ch\u00ed Minh, Vi\u1ec7t Nam [&hellip;]<\/p>\n","protected":false},"author":4,"featured_media":0,"parent":0,"menu_order":0,"comment_status":"closed","ping_status":"closed","template":"","meta":{"footnotes":""},"yst_prominent_words":[],"_links":{"self":[{"href":"https:\/\/ematechvn.com\/index.php?rest_route=\/wp\/v2\/pages\/836"}],"collection":[{"href":"https:\/\/ematechvn.com\/index.php?rest_route=\/wp\/v2\/pages"}],"about":[{"href":"https:\/\/ematechvn.com\/index.php?rest_route=\/wp\/v2\/types\/page"}],"author":[{"embeddable":true,"href":"https:\/\/ematechvn.com\/index.php?rest_route=\/wp\/v2\/users\/4"}],"replies":[{"embeddable":true,"href":"https:\/\/ematechvn.com\/index.php?rest_route=%2Fwp%2Fv2%2Fcomments&post=836"}],"version-history":[{"count":4,"href":"https:\/\/ematechvn.com\/index.php?rest_route=\/wp\/v2\/pages\/836\/revisions"}],"predecessor-version":[{"id":1056,"href":"https:\/\/ematechvn.com\/index.php?rest_route=\/wp\/v2\/pages\/836\/revisions\/1056"}],"wp:attachment":[{"href":"https:\/\/ematechvn.com\/index.php?rest_route=%2Fwp%2Fv2%2Fmedia&parent=836"}],"wp:term":[{"taxonomy":"yst_prominent_words","embeddable":true,"href":"https:\/\/ematechvn.com\/index.php?rest_route=%2Fwp%2Fv2%2Fyst_prominent_words&post=836"}],"curies":[{"name":"wp","href":"https:\/\/api.w.org\/{rel}","templated":true}]}}