{"id":839,"date":"2025-04-24T09:16:25","date_gmt":"2025-04-24T02:16:25","guid":{"rendered":"https:\/\/ematechvn.com\/?page_id=839"},"modified":"2025-04-29T11:48:53","modified_gmt":"2025-04-29T04:48:53","slug":"dich-vu","status":"publish","type":"page","link":"https:\/\/ematechvn.com\/?page_id=839","title":{"rendered":"D\u1ecbch v\u1ee5"},"content":{"rendered":"<p>[vc_row][vc_column][vc_column_text]<\/p>\n<p style=\"text-align: justify;\"><span style=\"font-family: helvetica, arial, sans-serif;\"><strong>D\u1ecaCH V\u1ee4 K\u1ef8 THU\u1eacT EMA TECH<\/strong><\/span><\/p>\n<p style=\"text-align: justify;\"><span style=\"font-family: helvetica, arial, sans-serif;\">Kh\u00f4ng ch\u1ec9 cung c\u1ea5p m\u00e1y m\u00f3c hi\u1ec7n \u0111\u1ea1i, EMA TECH c\u00f2n mang \u0111\u1ebfn <strong>d\u1ecbch v\u1ee5 s\u1eeda ch\u1eefa, n\u00e2ng c\u1ea5p, l\u1eafp \u0111\u1eb7t v\u00e0 b\u1ea3o tr\u00ec chuy\u00ean nghi\u1ec7p<\/strong> cho c\u00e1c d\u00f2ng m\u00e1y gia c\u00f4ng kim lo\u1ea1i nh\u01b0:<\/span><\/p>\n<p style=\"text-align: justify;\"><span style=\"font-family: helvetica, arial, sans-serif;\">\u2714\ufe0f M\u00e1y c\u1eaft CNC laser<\/span><\/p>\n<p style=\"text-align: justify;\"><span style=\"font-family: helvetica, arial, sans-serif;\">\u2714\ufe0f M\u00e1y ch\u1ea5n CNC<\/span><\/p>\n<p style=\"text-align: justify;\"><span style=\"font-family: helvetica, arial, sans-serif;\">\u2714\ufe0f M\u00e1y h\u00e0n laser<\/span><\/p>\n<p style=\"text-align: justify;\"><span style=\"font-family: helvetica, arial, sans-serif;\">\u2714\ufe0f M\u00e1y c\u1eaft plasma<\/span><\/p>\n<p style=\"text-align: justify;\"><span style=\"font-family: helvetica, arial, sans-serif;\">\u2714\ufe0f M\u00e1y b\u00e0o r\u00e3nh V<\/span><\/p>\n<p style=\"text-align: justify;\"><span style=\"font-family: helvetica, arial, sans-serif;\">&#8230;v\u00e0 nhi\u1ec1u thi\u1ebft b\u1ecb kh\u00e1c.<\/span><\/p>\n<p style=\"text-align: justify;\"><span style=\"font-family: helvetica, arial, sans-serif;\">V\u1edbi \u0111\u1ed9i ng\u0169 k\u1ef9 thu\u1eadt vi\u00ean tay ngh\u1ec1 cao, gi\u00e0u kinh nghi\u1ec7m, ch\u00fang t\u00f4i lu\u00f4n s\u1eb5n s\u00e0ng h\u1ed7 tr\u1ee3 kh\u00e1ch h\u00e0ng m\u1ed9t c\u00e1ch <strong>nhanh ch\u00f3ng \u2013 t\u1eadn t\u00e2m \u2013 hi\u1ec7u qu\u1ea3<\/strong>, gi\u00fap thi\u1ebft b\u1ecb ho\u1ea1t \u0111\u1ed9ng \u1ed5n \u0111\u1ecbnh, k\u00e9o d\u00e0i tu\u1ed5i th\u1ecd v\u00e0 h\u1ea1n ch\u1ebf t\u1ed1i \u0111a th\u1eddi gian ng\u01b0ng m\u00e1y.<\/span><\/p>\n<p style=\"text-align: justify;\"><span style=\"font-family: helvetica, arial, sans-serif;\"><strong>EMA TECH cam k\u1ebft:<\/strong><\/span><\/p>\n<p style=\"text-align: justify;\"><span style=\"font-family: helvetica, arial, sans-serif;\">\u2714\ufe0f \u1ee8ng c\u1ee9u k\u1ef9 thu\u1eadt nhanh ch\u00f3ng trong ng\u00e0y<\/span><\/p>\n<p style=\"text-align: justify;\"><span style=\"font-family: helvetica, arial, sans-serif;\">\u2714\ufe0f T\u01b0 v\u1ea5n gi\u1ea3i ph\u00e1p t\u1ed1i \u01b0u, ti\u1ebft ki\u1ec7m chi ph\u00ed<\/span><\/p>\n<p style=\"text-align: justify;\"><span style=\"font-family: helvetica, arial, sans-serif;\">\u2714\ufe0f Theo d\u00f5i, b\u1ea3o tr\u00ec \u0111\u1ecbnh k\u1ef3 chuy\u00ean nghi\u1ec7p<\/span><\/p>\n<p style=\"text-align: justify;\"><span style=\"font-family: helvetica, arial, sans-serif;\">\u2714\ufe0f H\u1ed7 tr\u1ee3 k\u1ef9 thu\u1eadt t\u1eadn n\u01a1i tr\u00ean to\u00e0n qu\u1ed1c<\/span><\/p>\n<p style=\"text-align: justify;\"><span style=\"font-family: helvetica, arial, sans-serif;\"><strong>D\u00f9 l\u00e0 s\u1ef1 c\u1ed1 \u0111\u1ed9t xu\u1ea5t hay nhu c\u1ea7u n\u00e2ng c\u1ea5p m\u00e1y m\u00f3c, h\u00e3y \u0111\u1ec3 EMA TECH \u0111\u1ed3ng h\u00e0nh c\u00f9ng b\u1ea1n \u2013 v\u00ec m\u1ed9t d\u00e2y chuy\u1ec1n s\u1ea3n xu\u1ea5t lu\u00f4n v\u1eadn h\u00e0nh tr\u01a1n tru v\u00e0 hi\u1ec7u qu\u1ea3!<\/strong><\/span><\/p>\n<p>[\/vc_column_text][\/vc_column][\/vc_row]<\/p>\n","protected":false},"excerpt":{"rendered":"<p>[vc_row][vc_column][vc_column_text] D\u1ecaCH V\u1ee4 K\u1ef8 THU\u1eacT EMA TECH Kh\u00f4ng ch\u1ec9 cung c\u1ea5p m\u00e1y m\u00f3c hi\u1ec7n \u0111\u1ea1i, EMA TECH c\u00f2n mang \u0111\u1ebfn d\u1ecbch v\u1ee5 s\u1eeda ch\u1eefa, n\u00e2ng c\u1ea5p, l\u1eafp \u0111\u1eb7t v\u00e0 b\u1ea3o tr\u00ec chuy\u00ean nghi\u1ec7p cho c\u00e1c d\u00f2ng m\u00e1y gia c\u00f4ng kim lo\u1ea1i nh\u01b0: \u2714\ufe0f M\u00e1y c\u1eaft CNC laser \u2714\ufe0f M\u00e1y ch\u1ea5n CNC \u2714\ufe0f M\u00e1y h\u00e0n laser [&hellip;]<\/p>\n","protected":false},"author":4,"featured_media":0,"parent":0,"menu_order":0,"comment_status":"closed","ping_status":"closed","template":"","meta":{"footnotes":""},"yst_prominent_words":[],"_links":{"self":[{"href":"https:\/\/ematechvn.com\/index.php?rest_route=\/wp\/v2\/pages\/839"}],"collection":[{"href":"https:\/\/ematechvn.com\/index.php?rest_route=\/wp\/v2\/pages"}],"about":[{"href":"https:\/\/ematechvn.com\/index.php?rest_route=\/wp\/v2\/types\/page"}],"author":[{"embeddable":true,"href":"https:\/\/ematechvn.com\/index.php?rest_route=\/wp\/v2\/users\/4"}],"replies":[{"embeddable":true,"href":"https:\/\/ematechvn.com\/index.php?rest_route=%2Fwp%2Fv2%2Fcomments&post=839"}],"version-history":[{"count":2,"href":"https:\/\/ematechvn.com\/index.php?rest_route=\/wp\/v2\/pages\/839\/revisions"}],"predecessor-version":[{"id":1054,"href":"https:\/\/ematechvn.com\/index.php?rest_route=\/wp\/v2\/pages\/839\/revisions\/1054"}],"wp:attachment":[{"href":"https:\/\/ematechvn.com\/index.php?rest_route=%2Fwp%2Fv2%2Fmedia&parent=839"}],"wp:term":[{"taxonomy":"yst_prominent_words","embeddable":true,"href":"https:\/\/ematechvn.com\/index.php?rest_route=%2Fwp%2Fv2%2Fyst_prominent_words&post=839"}],"curies":[{"name":"wp","href":"https:\/\/api.w.org\/{rel}","templated":true}]}}