{"id":1068,"date":"2025-06-12T11:19:35","date_gmt":"2025-06-12T04:19:35","guid":{"rendered":"https:\/\/ematechvn.com\/?post_type=product&#038;p=1068"},"modified":"2025-07-31T09:27:12","modified_gmt":"2025-07-31T02:27:12","slug":"may-cat-cnc-laser-ban-don-6020","status":"publish","type":"product","link":"https:\/\/ematechvn.com\/?product=may-cat-cnc-laser-ban-don-6020","title":{"rendered":"M\u00e1y c\u1eaft CNC laser b\u00e0n \u0111\u01a1n 6020"},"content":{"rendered":"<h2 data-start=\"125\" data-end=\"211\"><strong data-start=\"128\" data-end=\"211\">M\u00e1y C\u1eaft CNC Laser B\u00e0n \u0110\u01a1n 6020 \u2013 Gi\u1ea3i Ph\u00e1p C\u1eaft Kim Lo\u1ea1i Ch\u00ednh X\u00e1c, Hi\u1ec7u Qu\u1ea3 Cao<\/strong><\/h2>\n<h3 data-start=\"213\" data-end=\"240\"><strong data-start=\"217\" data-end=\"240\">Gi\u1edbi thi\u1ec7u s\u1ea3n ph\u1ea9m<\/strong><\/h3>\n<p data-start=\"242\" data-end=\"629\"><strong data-start=\"242\" data-end=\"276\">M\u00e1y c\u1eaft CNC laser b\u00e0n \u0111\u01a1n 6020<\/strong>\u00a0l\u00e0 d\u00f2ng m\u00e1y c\u1eaft laser fiber chuy\u00ean d\u1ee5ng cho gia c\u00f4ng <strong data-start=\"330\" data-end=\"346\">kim lo\u1ea1i t\u1ea5m<\/strong>, \u0111\u01b0\u1ee3c thi\u1ebft k\u1ebf t\u1ed1i \u01b0u cho hi\u1ec7u su\u1ea5t l\u00e0m vi\u1ec7c cao, \u0111\u1ed9 ch\u00ednh x\u00e1c tuy\u1ec7t \u0111\u1ed1i v\u00e0 chi ph\u00ed v\u1eadn h\u00e0nh h\u1ee3p l\u00fd. V\u1edbi k\u00edch th\u01b0\u1edbc b\u00e0n c\u1eaft ti\u00eau chu\u1ea9n 6<strong data-start=\"482\" data-end=\"499\">000 x 2000mm<\/strong>, model 6020 ph\u00f9 h\u1ee3p v\u1edbi \u0111a d\u1ea1ng doanh nghi\u1ec7p trong ng\u00e0nh c\u01a1 kh\u00ed, k\u1ebft c\u1ea5u th\u00e9p, n\u1ed9i th\u1ea5t kim lo\u1ea1i v\u00e0 nhi\u1ec1u l\u0129nh v\u1ef1c s\u1ea3n xu\u1ea5t kh\u00e1c.<\/p>\n<p data-start=\"631\" data-end=\"748\">\u0110\u00e2y l\u00e0 l\u1ef1a ch\u1ecdn l\u00fd t\u01b0\u1edfng cho c\u00e1c \u0111\u01a1n v\u1ecb c\u1ea7n <strong data-start=\"675\" data-end=\"700\">m\u00e1y c\u1eaft laser b\u00e0n \u0111\u01a1n<\/strong> ch\u1ea5t l\u01b0\u1ee3ng cao, v\u1eadn h\u00e0nh \u1ed5n \u0111\u1ecbnh v\u00e0 d\u1ec5 b\u1ea3o tr\u00ec.<\/p>\n<h3 data-start=\"1321\" data-end=\"1353\"><strong data-start=\"1325\" data-end=\"1353\">Th\u00f4ng s\u1ed1 k\u1ef9 thu\u1eadt c\u01a1 b\u1ea3n<\/strong><\/h3>\n<ul data-start=\"1354\" data-end=\"1626\">\n<li data-start=\"1354\" data-end=\"1371\">\n<p data-start=\"1356\" data-end=\"1371\"><strong data-start=\"1356\" data-end=\"1365\">Model<\/strong>: 6020<\/p>\n<\/li>\n<li data-start=\"1372\" data-end=\"1414\">\n<p data-start=\"1374\" data-end=\"1414\"><strong data-start=\"1374\" data-end=\"1396\">K\u00edch th\u01b0\u1edbc b\u00e0n c\u1eaft<\/strong>: 6000 x 2000 mm<\/p>\n<\/li>\n<li data-start=\"1415\" data-end=\"1466\">\n<p data-start=\"1417\" data-end=\"1466\"><strong data-start=\"1417\" data-end=\"1442\">C\u00f4ng su\u1ea5t ngu\u1ed3n laser<\/strong>: 1kW \u2013 12kW (tu\u1ef3 ch\u1ecdn)<\/p>\n<\/li>\n<li data-start=\"1467\" data-end=\"1512\">\n<p data-start=\"1469\" data-end=\"1512\"><strong data-start=\"1469\" data-end=\"1490\">T\u1ed1c \u0111\u1ed9 c\u1eaft t\u1ed1i \u0111a<\/strong>: L\u00ean \u0111\u1ebfn 100 m\/ph\u00fat<\/p>\n<\/li>\n<li data-start=\"1513\" data-end=\"1567\">\n<p data-start=\"1515\" data-end=\"1567\"><strong data-start=\"1515\" data-end=\"1531\">V\u1eadt li\u1ec7u c\u1eaft<\/strong>: Th\u00e9p carbon, inox, nh\u00f4m, \u0111\u1ed3ng&#8230;<\/p>\n<\/li>\n<li data-start=\"1568\" data-end=\"1596\">\n<p data-start=\"1570\" data-end=\"1596\"><strong data-start=\"1570\" data-end=\"1584\">Sai s\u1ed1 c\u1eaft<\/strong>: \u00b10.05 mm<\/p>\n<\/li>\n<li data-start=\"1597\" data-end=\"1626\">\n<p data-start=\"1599\" data-end=\"1626\"><strong data-start=\"1599\" data-end=\"1613\">Ngu\u1ed3n \u0111i\u1ec7n<\/strong>: 380V \/ 50Hz<\/p>\n<table style=\"width: 99.1058%;\" width=\"947\">\n<tbody>\n<tr>\n<td style=\"width: 22.3629%; text-align: center;\" width=\"235\">Model<\/td>\n<td style=\"width: 13.5021%; text-align: center;\" width=\"128\">EL- 3015<\/td>\n<td style=\"width: 13.5021%; text-align: center;\" width=\"128\">EL- 4015<\/td>\n<td style=\"width: 12.1308%; text-align: center;\" width=\"113\">EL- 4020<\/td>\n<td style=\"width: 12.1308%; text-align: center;\" width=\"113\">EL- 6015<\/td>\n<td style=\"width: 12.3418%; text-align: center;\" width=\"115\">EL- 6020<\/td>\n<td style=\"width: 12.3418%; text-align: center;\" width=\"115\">EL- 6025<\/td>\n<\/tr>\n<tr>\n<td style=\"width: 22.3629%; text-align: center;\" width=\"235\">Kh\u1ed5 c\u1eaft h\u1eefu d\u1ee5ng<\/td>\n<td style=\"width: 13.5021%; text-align: center;\" width=\"128\">3050*1530mm<\/td>\n<td style=\"width: 13.5021%; text-align: center;\" width=\"128\">4050*1530mm<\/td>\n<td style=\"width: 12.1308%; text-align: center;\" width=\"113\">6050*1530mm<\/td>\n<td style=\"width: 12.1308%; text-align: center;\" width=\"113\">4050*2030mm<\/td>\n<td style=\"width: 12.3418%; text-align: center;\" width=\"115\">6050*2030mm<\/td>\n<td style=\"width: 12.3418%; text-align: center;\" width=\"115\">6050*2530mm<\/td>\n<\/tr>\n<tr>\n<td style=\"width: 22.3629%; text-align: center;\" width=\"235\">C\u00f4ng su\u1ea5t Ngu\u1ed3n laser<\/td>\n<td style=\"width: 75.9494%; text-align: center;\" colspan=\"6\" width=\"712\">1000w~6000w<\/td>\n<\/tr>\n<tr>\n<td style=\"width: 22.3629%; text-align: center;\" width=\"235\">Sai s\u1ed1 \u0111\u1ecbnh v\u1ecb<\/td>\n<td style=\"width: 75.9494%; text-align: center;\" colspan=\"6\" width=\"712\">\u00b10.05mm<\/td>\n<\/tr>\n<tr>\n<td style=\"width: 22.3629%; text-align: center;\" width=\"235\">Sai s\u1ed1 t\u00e1i \u0111\u1ecbnh v\u1ecb<\/td>\n<td style=\"width: 75.9494%; text-align: center;\" colspan=\"6\" width=\"712\">\u00b10.03mm<\/td>\n<\/tr>\n<tr>\n<td style=\"width: 22.3629%; text-align: center;\" width=\"235\">T\u1ed1c \u0111\u1ed9 c\u1eaft t\u1ed1i \u0111a<\/td>\n<td style=\"width: 75.9494%; text-align: center;\" colspan=\"6\" width=\"712\">80- 155m\/min<\/td>\n<\/tr>\n<tr>\n<td style=\"width: 22.3629%; text-align: center;\" width=\"235\">Gia t\u1ed1c t\u1ed1i \u0111a<\/td>\n<td style=\"width: 75.9494%; text-align: center;\" colspan=\"6\" width=\"712\">0.8 -1.5G<\/td>\n<\/tr>\n<\/tbody>\n<\/table>\n<\/li>\n<\/ul>\n<h3 data-start=\"1628\" data-end=\"1644\"><strong data-start=\"1632\" data-end=\"1644\">\u1ee8ng d\u1ee5ng<\/strong><\/h3>\n<p data-start=\"1645\" data-end=\"1688\">M\u00e1y c\u1eaft CNC laser b\u00e0n \u0111\u01a1n 6020 ph\u00f9 h\u1ee3p v\u1edbi:<\/p>\n<ul data-start=\"1689\" data-end=\"1832\">\n<li data-start=\"1689\" data-end=\"1712\">\n<p data-start=\"1691\" data-end=\"1712\">Gia c\u00f4ng kim lo\u1ea1i t\u1ea5m<\/p>\n<\/li>\n<li data-start=\"1713\" data-end=\"1750\">\n<p data-start=\"1715\" data-end=\"1750\">S\u1ea3n xu\u1ea5t v\u1ecf t\u1ee7 \u0111i\u1ec7n, thang m\u00e1ng c\u00e1p<\/p>\n<\/li>\n<li data-start=\"1751\" data-end=\"1789\">\n<p data-start=\"1753\" data-end=\"1789\">K\u1ebft c\u1ea5u th\u00e9p nh\u1eb9, khung k\u1ec7, n\u1ed9i th\u1ea5t<\/p>\n<\/li>\n<li data-start=\"1790\" data-end=\"1832\">\n<p data-start=\"1792\" data-end=\"1832\">S\u1ea3n xu\u1ea5t thi\u1ebft b\u1ecb d\u00e2n d\u1ee5ng &amp; c\u00f4ng nghi\u1ec7p<\/p>\n<\/li>\n<\/ul>\n<p data-start=\"1792\" data-end=\"1832\">\u0110\u1eebng b\u1ecf l\u1ee1 c\u01a1 h\u1ed9i n\u00e2ng cao hi\u1ec7u qu\u1ea3 s\u1ea3n xu\u1ea5t v\u1edbi m\u00e1y c\u1eaft CNC Laser ch\u1ea5t l\u01b0\u1ee3ng cao!<\/p>\n<p data-start=\"1792\" data-end=\"1832\"><span class=\"html-span xexx8yu xyri2b x18d9i69 x1c1uobl x1hl2dhg x16tdsg8 x1vvkbs x3nfvp2 x1j61x8r x1fcty0u xdj266r xat24cr xm2jcoa x1mpyi22 xxymvpz xlup9mm x1kky2od\"><img loading=\"lazy\" decoding=\"async\" class=\"xz74otr x15mokao x1ga7v0g x16uus16 xbiv7yw\" src=\"https:\/\/static.xx.fbcdn.net\/images\/emoji.php\/v9\/tc0\/1\/16\/1f4e9.png\" alt=\"\ud83d\udce9\" width=\"16\" height=\"16\" \/><\/span> \ud835\udc0b\ud835\udc22\ud835\udc1e\u0302\ud835\udc27 \ud835\udc21\ud835\udc1e\u0323\u0302 \ud835\udc27\ud835\udc20\ud835\udc1a\ud835\udc32 <a href=\"http:\/\/www.emalaser.com\">\ud835\udc04\ud835\udc0c\ud835\udc00 \ud835\udc13\ud835\udc04\ud835\udc02\ud835\udc07<\/a> \ud835\udfce\ud835\udfd7\ud835\udfd1\ud835\udfd1 \ud835\udfd3\ud835\udfd4\ud835\udfd1 \ud835\udfd4\ud835\udfd0\ud835\udfd3 ngay \u0111\u1ec3 nh\u1eadn b\u00e1o gi\u00e1 &amp; t\u01b0 v\u1ea5n gi\u1ea3i ph\u00e1p ph\u00f9 h\u1ee3p nh\u1ea5t!<\/p>\n","protected":false},"excerpt":{"rendered":"<h3 data-start=\"750\" data-end=\"773\"><strong data-start=\"754\" data-end=\"773\">\u01afu \u0111i\u1ec3m n\u1ed5i b\u1eadt<\/strong><\/h3>\n<ul data-start=\"774\" data-end=\"1319\">\n<li data-start=\"774\" data-end=\"884\">\n<p data-start=\"776\" data-end=\"884\">\ud83d\udd25 <strong data-start=\"779\" data-end=\"818\">C\u1eaft nhanh \u2013 Ch\u00ednh x\u00e1c \u2013 \u00cdt ti\u00eau hao<\/strong>: T\u1ed1c \u0111\u1ed9 c\u1eaft cao, \u0111\u01b0\u1eddng c\u1eaft s\u1eafc n\u00e9t, gi\u1ea3m thi\u1ec3u ba via v\u00e0 m\u00e9o t\u1ea5m.<\/p>\n<\/li>\n<li data-start=\"885\" data-end=\"983\">\n<p data-start=\"887\" data-end=\"983\">\u2699\ufe0f <strong data-start=\"890\" data-end=\"920\">C\u1ea5u tr\u00fac b\u00e0n \u0111\u01a1n ch\u1eafc ch\u1eafn<\/strong>: Thi\u1ebft k\u1ebf khung m\u00e1y nguy\u00ean kh\u1ed1i, t\u0103ng \u0111\u1ed9 \u1ed5n \u0111\u1ecbnh khi v\u1eadn h\u00e0nh.<\/p>\n<\/li>\n<li data-start=\"984\" data-end=\"1067\">\n<p data-start=\"986\" data-end=\"1067\">\ud83d\udccf <strong data-start=\"989\" data-end=\"1030\">K\u00edch th\u01b0\u1edbc c\u1eaft ti\u00eau chu\u1ea9n 6000x2000mm<\/strong>: T\u1ed1i \u01b0u cho t\u1ea5m kim lo\u1ea1i v\u1eeba v\u00e0 l\u1edbn.<\/p>\n<\/li>\n<li data-start=\"1068\" data-end=\"1195\">\n<p data-start=\"1070\" data-end=\"1195\">\ud83d\udca1 <strong data-start=\"1073\" data-end=\"1109\">Ngu\u1ed3n laser fiber ch\u1ea5t l\u01b0\u1ee3ng cao<\/strong>: T\u00f9y ch\u1ecdn t\u1eeb 1kW \u0111\u1ebfn 6kW (ho\u1eb7c theo y\u00eau c\u1ea7u), ti\u1ebft ki\u1ec7m \u0111i\u1ec7n n\u0103ng v\u00e0 chi ph\u00ed b\u1ea3o tr\u00ec.<\/p>\n<\/li>\n<li data-start=\"1196\" data-end=\"1319\">\n<p data-start=\"1198\" data-end=\"1319\">\ud83d\udda5\ufe0f <strong data-start=\"1202\" data-end=\"1240\">H\u1ec7 th\u1ed1ng \u0111i\u1ec1u khi\u1ec3n CNC th\u00f4ng minh<\/strong>: D\u1ec5 thao t\u00e1c, h\u1ed7 tr\u1ee3 nhi\u1ec1u \u0111\u1ecbnh d\u1ea1ng file, t\u00edch h\u1ee3p ph\u1ea7n m\u1ec1m t\u1ed1i \u01b0u \u0111\u01b0\u1eddng c\u1eaft.<\/p>\n<\/li>\n<\/ul>\n","protected":false},"featured_media":1065,"comment_status":"open","ping_status":"closed","template":"","meta":[],"yst_prominent_words":[],"_links":{"self":[{"href":"https:\/\/ematechvn.com\/index.php?rest_route=\/wp\/v2\/product\/1068"}],"collection":[{"href":"https:\/\/ematechvn.com\/index.php?rest_route=\/wp\/v2\/product"}],"about":[{"href":"https:\/\/ematechvn.com\/index.php?rest_route=\/wp\/v2\/types\/product"}],"replies":[{"embeddable":true,"href":"https:\/\/ematechvn.com\/index.php?rest_route=%2Fwp%2Fv2%2Fcomments&post=1068"}],"wp:featuredmedia":[{"embeddable":true,"href":"https:\/\/ematechvn.com\/index.php?rest_route=\/wp\/v2\/media\/1065"}],"wp:attachment":[{"href":"https:\/\/ematechvn.com\/index.php?rest_route=%2Fwp%2Fv2%2Fmedia&parent=1068"}],"wp:term":[{"taxonomy":"yst_prominent_words","embeddable":true,"href":"https:\/\/ematechvn.com\/index.php?rest_route=%2Fwp%2Fv2%2Fyst_prominent_words&post=1068"}],"curies":[{"name":"wp","href":"https:\/\/api.w.org\/{rel}","templated":true}]}}