{"id":1069,"date":"2025-06-12T11:28:33","date_gmt":"2025-06-12T04:28:33","guid":{"rendered":"https:\/\/ematechvn.com\/?post_type=product&#038;p=1069"},"modified":"2025-06-12T11:30:36","modified_gmt":"2025-06-12T04:30:36","slug":"bo-dieu-khien-chieu-cao-thc-1621","status":"publish","type":"product","link":"https:\/\/ematechvn.com\/?product=bo-dieu-khien-chieu-cao-thc-1621","title":{"rendered":"B\u1ed9 \u0110i\u1ec1u Khi\u1ec3n Chi\u1ec1u Cao THC 1621"},"content":{"rendered":"<h2 data-start=\"339\" data-end=\"427\"><strong data-start=\"342\" data-end=\"427\">B\u1ed9 \u0110i\u1ec1u Khi\u1ec3n Chi\u1ec1u Cao THC 1621 | \u1ed4n \u0110\u1ecbnh \u0110\u01b0\u1eddng C\u1eaft, N\u00e2ng Cao Hi\u1ec7u Su\u1ea5t<\/strong><\/h2>\n<h3 data-start=\"429\" data-end=\"456\"><strong data-start=\"433\" data-end=\"456\">Gi\u1edbi thi\u1ec7u s\u1ea3n ph\u1ea9m<\/strong><\/h3>\n<p data-start=\"458\" data-end=\"905\"><strong data-start=\"458\" data-end=\"491\">B\u1ed9 \u0111i\u1ec1u khi\u1ec3n chi\u1ec1u cao THC 1621 (Torch Height Controller)<\/strong> l\u00e0 <strong data-start=\"495\" data-end=\"530\">b\u1ed9 \u0111i\u1ec1u khi\u1ec3n chi\u1ec1u cao \u0111\u1ea7u c\u1eaft<\/strong> trong h\u1ec7 th\u1ed1ng <strong data-start=\"546\" data-end=\"581\">m\u00e1y c\u1eaft CNC plasma ho\u1eb7c oxy-gas<\/strong>, gi\u00fap duy tr\u00ec kho\u1ea3ng c\u00e1ch l\u00fd t\u01b0\u1edfng gi\u1eefa \u0111\u1ea7u c\u1eaft v\u00e0 b\u1ec1 m\u1eb7t v\u1eadt li\u1ec7u trong su\u1ed1t qu\u00e1 tr\u00ecnh c\u1eaft. V\u1edbi t\u00ednh n\u0103ng t\u1ef1 \u0111\u1ed9ng d\u00f2 \u0111\u1ed9 cao v\u00e0 \u0111i\u1ec1u ch\u1ec9nh \u0111\u1ea7u c\u1eaft theo \u0111\u1ed9 cong, v\u00eanh ho\u1eb7c bi\u1ebfn d\u1ea1ng c\u1ee7a v\u1eadt li\u1ec7u, THC gi\u00fap <strong data-start=\"786\" data-end=\"904\">\u0111\u01b0\u1eddng c\u1eaft ch\u00ednh x\u00e1c h\u01a1n, gi\u1ea3m ti\u00eau hao \u0111i\u1ec7n c\u1ef1c \u2013 b\u00e9c c\u1eaft, h\u1ea1n ch\u1ebf ch\u00e1y m\u00e9p v\u00e0 n\u00e2ng cao ch\u1ea5t l\u01b0\u1ee3ng s\u1ea3n ph\u1ea9m \u0111\u1ea7u ra<\/strong>.<\/p>\n<p data-start=\"907\" data-end=\"1034\">\u0110\u00e2y l\u00e0 thi\u1ebft b\u1ecb <strong data-start=\"923\" data-end=\"982\">kh\u00f4ng th\u1ec3 thi\u1ebfu trong c\u00e1c h\u1ec7 th\u1ed1ng m\u00e1y c\u1eaft CNC hi\u1ec7n \u0111\u1ea1i<\/strong>, \u0111\u1eb7c bi\u1ec7t v\u1edbi kim lo\u1ea1i t\u1ea5m m\u1ecfng ho\u1eb7c b\u1ecb cong, v\u00eanh.<\/p>\n<hr data-start=\"1591\" data-end=\"1594\" \/>\n<h3 data-start=\"1596\" data-end=\"1633\"><strong data-start=\"1600\" data-end=\"1633\">Th\u00f4ng s\u1ed1 k\u1ef9 thu\u1eadt\u00a0<\/strong><\/h3>\n<ul data-start=\"1634\" data-end=\"1975\">\n<li data-start=\"1634\" data-end=\"1692\">\n<p data-start=\"1636\" data-end=\"1692\"><strong data-start=\"1636\" data-end=\"1658\">\u0110i\u1ec7n \u00e1p \u0111i\u1ec1u khi\u1ec3n<\/strong>: 24VDC \u2013 220VAC (t\u00f9y phi\u00ean b\u1ea3n)<\/p>\n<\/li>\n<li data-start=\"1693\" data-end=\"1739\">\n<p data-start=\"1695\" data-end=\"1739\"><strong data-start=\"1695\" data-end=\"1726\">Ph\u1ea1m vi \u0111o \u0111i\u1ec7n \u00e1p h\u1ed3 quang<\/strong>: 50 \u2013 300V<\/p>\n<\/li>\n<li data-start=\"1740\" data-end=\"1778\">\n<p data-start=\"1742\" data-end=\"1778\"><strong data-start=\"1742\" data-end=\"1761\">Ch\u1ebf \u0111\u1ed9 v\u1eadn h\u00e0nh<\/strong>: Auto \/ Manual<\/p>\n<\/li>\n<li data-start=\"1779\" data-end=\"1831\">\n<p data-start=\"1781\" data-end=\"1831\"><strong data-start=\"1781\" data-end=\"1801\">T\u00edn hi\u1ec7u \u0111\u1ea7u v\u00e0o<\/strong>: Arc Voltage \/ Limit Switch<\/p>\n<\/li>\n<li data-start=\"1832\" data-end=\"1893\">\n<p data-start=\"1834\" data-end=\"1893\"><strong data-start=\"1834\" data-end=\"1849\">T\u01b0\u01a1ng th\u00edch<\/strong>: H\u1ea7u h\u1ebft ngu\u1ed3n plasma LGK, Powermax, v.v.<\/p>\n<\/li>\n<li data-start=\"1894\" data-end=\"1927\">\n<p data-start=\"1896\" data-end=\"1927\"><strong data-start=\"1896\" data-end=\"1918\">Th\u1eddi gian ph\u1ea3n h\u1ed3i<\/strong>: &lt; 1ms<\/p>\n<\/li>\n<li data-start=\"1928\" data-end=\"1975\">\n<p data-start=\"1930\" data-end=\"1975\"><strong data-start=\"1930\" data-end=\"1943\">Giao ti\u1ebfp<\/strong>: TTL \/ Relay \/ RS485 (tu\u1ef3 d\u00f2ng)<\/p>\n<\/li>\n<\/ul>\n<hr data-start=\"1977\" data-end=\"1980\" \/>\n<h3 data-start=\"1982\" data-end=\"1998\"><strong data-start=\"1986\" data-end=\"1998\">\u1ee8ng d\u1ee5ng<\/strong><\/h3>\n<ul data-start=\"1999\" data-end=\"2157\">\n<li data-start=\"1999\" data-end=\"2029\">\n<p data-start=\"2001\" data-end=\"2029\">M\u00e1y c\u1eaft CNC plasma t\u1ef1 \u0111\u1ed9ng<\/p>\n<\/li>\n<li data-start=\"2030\" data-end=\"2053\">\n<p data-start=\"2032\" data-end=\"2053\">M\u00e1y c\u1eaft CNC oxy-gas<\/p>\n<\/li>\n<li data-start=\"2054\" data-end=\"2095\">\n<p data-start=\"2056\" data-end=\"2095\">H\u1ec7 th\u1ed1ng c\u1eaft kim lo\u1ea1i t\u1ea5m c\u00f4ng nghi\u1ec7p<\/p>\n<\/li>\n<li data-start=\"2096\" data-end=\"2157\">\n<p data-start=\"2098\" data-end=\"2157\">C\u00e1c x\u01b0\u1edfng gia c\u00f4ng c\u1ea7n \u0111\u01b0\u1eddng c\u1eaft m\u1ecbn, \u0111\u1ed3ng \u0111\u1ec1u, h\u1ea1n ch\u1ebf l\u1ed7i<\/p>\n<\/li>\n<\/ul>\n<hr data-start=\"2159\" data-end=\"2162\" \/>\n<p data-start=\"2164\" data-end=\"2305\">\ud83d\udce6 <strong data-start=\"2167\" data-end=\"2213\">S\u1eb5n kho \u2013 Giao nhanh \u2013 B\u1ea3o h\u00e0nh ch\u00ednh h\u00e3ng<\/strong><br data-start=\"2213\" data-end=\"2216\" \/>\ud83d\udcde <strong data-start=\"2219\" data-end=\"2235\">Li\u00ean h\u1ec7 ngay EMA TECH 0933 563 625<\/strong> \u0111\u1ec3 \u0111\u01b0\u1ee3c t\u01b0 v\u1ea5n ch\u1ecdn <strong data-start=\"2256\" data-end=\"2296\">THC ph\u00f9 h\u1ee3p v\u1edbi c\u1ea5u h\u00ecnh m\u00e1y c\u1eaft CNC<\/strong> c\u1ee7a b\u1ea1n!<\/p>\n","protected":false},"excerpt":{"rendered":"<h3 data-start=\"1041\" data-end=\"1064\"><strong data-start=\"1045\" data-end=\"1064\">\u01afu \u0111i\u1ec3m n\u1ed5i b\u1eadt<\/strong><\/h3>\n<ul data-start=\"1065\" data-end=\"1589\">\n<li data-start=\"1065\" data-end=\"1194\">\n<p data-start=\"1067\" data-end=\"1194\">\ud83d\udd0d <strong data-start=\"1070\" data-end=\"1101\">T\u1ef1 \u0111\u1ed9ng d\u00f2 \u0111\u1ed9 cao ch\u00ednh x\u00e1c<\/strong>: S\u1eed d\u1ee5ng t\u00edn hi\u1ec7u \u0111i\u1ec7n \u00e1p h\u1ed3 quang (Arc Voltage) \u0111\u1ec3 x\u00e1c \u0111\u1ecbnh v\u00e0 duy tr\u00ec kho\u1ea3ng c\u00e1ch \u0111\u1ea7u c\u1eaft.<\/p>\n<\/li>\n<li data-start=\"1195\" data-end=\"1315\">\n<p data-start=\"1197\" data-end=\"1315\">\ud83d\udccf <strong data-start=\"1200\" data-end=\"1231\">T\u0103ng \u0111\u1ed9 ch\u00ednh x\u00e1c \u0111\u01b0\u1eddng c\u1eaft<\/strong>: H\u1ea1n ch\u1ebf t\u00ecnh tr\u1ea1ng \u0111\u00e2m v\u00e0o v\u1eadt li\u1ec7u ho\u1eb7c kho\u1ea3ng c\u00e1ch qu\u00e1 xa g\u00e2y ch\u00e1y m\u00e9p, l\u1eb9m l\u1eeda.<\/p>\n<\/li>\n<li data-start=\"1316\" data-end=\"1417\">\n<p data-start=\"1318\" data-end=\"1417\">\u2699\ufe0f <strong data-start=\"1321\" data-end=\"1346\">T\u01b0\u01a1ng th\u00edch linh ho\u1ea1t<\/strong>: D\u1ec5 d\u00e0ng t\u00edch h\u1ee3p v\u1edbi c\u00e1c d\u00f2ng m\u00e1y c\u1eaft CNC plasma v\u00e0 oxy-gas ph\u1ed5 bi\u1ebfn.<\/p>\n<\/li>\n<li data-start=\"1418\" data-end=\"1505\">\n<p data-start=\"1420\" data-end=\"1505\">\ud83d\udee1\ufe0f <strong data-start=\"1424\" data-end=\"1442\">B\u1ea3o v\u1ec7 \u0111\u1ea7u c\u1eaft<\/strong>: Gi\u1ea3m hao m\u00f2n b\u00e9c c\u1eaft v\u00e0 \u0111i\u1ec7n c\u1ef1c, k\u00e9o d\u00e0i tu\u1ed5i th\u1ecd ngu\u1ed3n c\u1eaft.<\/p>\n<\/li>\n<li data-start=\"1506\" data-end=\"1589\">\n<p data-start=\"1508\" data-end=\"1589\">\ud83d\udcbb <strong data-start=\"1511\" data-end=\"1535\">Giao di\u1ec7n d\u1ec5 s\u1eed d\u1ee5ng<\/strong>: Hi\u1ec3n th\u1ecb th\u00f4ng s\u1ed1 r\u00f5 r\u00e0ng, d\u1ec5 hi\u1ec7u ch\u1ec9nh v\u00e0 b\u1ea3o tr\u00ec.<\/p>\n<\/li>\n<\/ul>\n","protected":false},"featured_media":1070,"comment_status":"open","ping_status":"closed","template":"","meta":[],"yst_prominent_words":[],"_links":{"self":[{"href":"https:\/\/ematechvn.com\/index.php?rest_route=\/wp\/v2\/product\/1069"}],"collection":[{"href":"https:\/\/ematechvn.com\/index.php?rest_route=\/wp\/v2\/product"}],"about":[{"href":"https:\/\/ematechvn.com\/index.php?rest_route=\/wp\/v2\/types\/product"}],"replies":[{"embeddable":true,"href":"https:\/\/ematechvn.com\/index.php?rest_route=%2Fwp%2Fv2%2Fcomments&post=1069"}],"wp:featuredmedia":[{"embeddable":true,"href":"https:\/\/ematechvn.com\/index.php?rest_route=\/wp\/v2\/media\/1070"}],"wp:attachment":[{"href":"https:\/\/ematechvn.com\/index.php?rest_route=%2Fwp%2Fv2%2Fmedia&parent=1069"}],"wp:term":[{"taxonomy":"yst_prominent_words","embeddable":true,"href":"https:\/\/ematechvn.com\/index.php?rest_route=%2Fwp%2Fv2%2Fyst_prominent_words&post=1069"}],"curies":[{"name":"wp","href":"https:\/\/api.w.org\/{rel}","templated":true}]}}