{"id":1072,"date":"2025-06-12T11:35:53","date_gmt":"2025-06-12T04:35:53","guid":{"rendered":"https:\/\/ematechvn.com\/?post_type=product&#038;p=1072"},"modified":"2025-06-12T11:37:12","modified_gmt":"2025-06-12T04:37:12","slug":"man-hinh-dieu-khien-may-cat-plasma-cnc-f2300b","status":"publish","type":"product","link":"https:\/\/ematechvn.com\/?product=man-hinh-dieu-khien-may-cat-plasma-cnc-f2300b","title":{"rendered":"M\u00e0n h\u00ecnh \u0111i\u1ec1u khi\u1ec3n m\u00e1y c\u1eaft plasma CNC F2300B"},"content":{"rendered":"<h2 data-start=\"218\" data-end=\"304\"><strong data-start=\"221\" data-end=\"304\">M\u00e0n H\u00ecnh \u0110i\u1ec1u Khi\u1ec3n M\u00e1y C\u1eaft Plasma CNC F2300B \u2013 Ch\u00ednh X\u00e1c, \u1ed4n \u0110\u1ecbnh, D\u1ec5 V\u1eadn H\u00e0nh<\/strong><\/h2>\n<h3 data-start=\"306\" data-end=\"333\"><strong data-start=\"310\" data-end=\"333\">Gi\u1edbi thi\u1ec7u s\u1ea3n ph\u1ea9m<\/strong><\/h3>\n<p data-start=\"335\" data-end=\"657\"><strong data-start=\"335\" data-end=\"345\">F2300B<\/strong> l\u00e0 d\u00f2ng <strong data-start=\"354\" data-end=\"407\">m\u00e0n h\u00ecnh \u0111i\u1ec1u khi\u1ec3n m\u00e1y c\u1eaft CNC plasma v\u00e0 oxy-gas<\/strong> \u0111\u01b0\u1ee3c s\u1eed d\u1ee5ng ph\u1ed5 bi\u1ebfn trong c\u00e1c h\u1ec7 th\u1ed1ng c\u1eaft kim lo\u1ea1i t\u1ea5m t\u1ef1 \u0111\u1ed9ng. V\u1edbi thi\u1ebft k\u1ebf giao di\u1ec7n th\u00e2n thi\u1ec7n, d\u1ec5 thao t\u00e1c, k\u1ebft h\u1ee3p vi x\u1eed l\u00fd m\u1ea1nh m\u1ebd v\u00e0 ph\u1ea7n m\u1ec1m \u0111i\u1ec1u khi\u1ec3n \u1ed5n \u0111\u1ecbnh, <strong data-start=\"580\" data-end=\"656\">F2300B gi\u00fap t\u1ed1i \u01b0u qu\u00e1 tr\u00ecnh c\u1eaft, t\u0103ng \u0111\u1ed9 ch\u00ednh x\u00e1c v\u00e0 gi\u1ea3m l\u1ed7i v\u1eadn h\u00e0nh<\/strong>.<\/p>\n<p data-start=\"659\" data-end=\"841\">\u0110\u00e2y l\u00e0 s\u1ea3n ph\u1ea9m l\u00fd t\u01b0\u1edfng cho c\u00e1c doanh nghi\u1ec7p c\u01a1 kh\u00ed, x\u01b0\u1edfng gia c\u00f4ng kim lo\u1ea1i \u0111ang s\u1eed d\u1ee5ng <strong data-start=\"750\" data-end=\"785\">m\u00e1y c\u1eaft CNC plasma ho\u1eb7c oxy-gas<\/strong> c\u1ea7n h\u1ec7 \u0111i\u1ec1u khi\u1ec3n \u0111\u00e1ng tin c\u1eady, d\u1ec5 t\u00edch h\u1ee3p v\u00e0 b\u1ea3o tr\u00ec.<\/p>\n<hr data-start=\"1435\" data-end=\"1438\" \/>\n<h3 data-start=\"1440\" data-end=\"1472\"><strong data-start=\"1444\" data-end=\"1472\">Th\u00f4ng s\u1ed1 k\u1ef9 thu\u1eadt c\u01a1 b\u1ea3n<\/strong><\/h3>\n<ul data-start=\"1473\" data-end=\"1848\">\n<li data-start=\"1473\" data-end=\"1494\">\n<p data-start=\"1475\" data-end=\"1494\"><strong data-start=\"1475\" data-end=\"1484\">Model<\/strong>: F2300B<\/p>\n<\/li>\n<li data-start=\"1495\" data-end=\"1548\">\n<p data-start=\"1497\" data-end=\"1548\"><strong data-start=\"1497\" data-end=\"1518\">M\u00e0n h\u00ecnh hi\u1ec3n th\u1ecb<\/strong>: LCD m\u00e0u, k\u00edch th\u01b0\u1edbc 7 inch<\/p>\n<\/li>\n<li data-start=\"1549\" data-end=\"1594\">\n<p data-start=\"1551\" data-end=\"1594\"><strong data-start=\"1551\" data-end=\"1567\">H\u1ec7 \u0111i\u1ec1u h\u00e0nh<\/strong>: Nh\u00fang (Embedded System)<\/p>\n<\/li>\n<li data-start=\"1595\" data-end=\"1647\">\n<p data-start=\"1597\" data-end=\"1647\"><strong data-start=\"1597\" data-end=\"1617\">\u0110\u1ecbnh d\u1ea1ng h\u1ed7 tr\u1ee3<\/strong>: G-code, *.NC, *.TXT, *.DXF<\/p>\n<\/li>\n<li data-start=\"1648\" data-end=\"1690\">\n<p data-start=\"1650\" data-end=\"1690\"><strong data-start=\"1650\" data-end=\"1666\">C\u1ed5ng k\u1ebft n\u1ed1i<\/strong>: USB, RS232, Ethernet<\/p>\n<\/li>\n<li data-start=\"1691\" data-end=\"1735\">\n<p data-start=\"1693\" data-end=\"1735\"><strong data-start=\"1693\" data-end=\"1717\">Ngu\u1ed3n \u0111i\u1ec7n ho\u1ea1t \u0111\u1ed9ng<\/strong>: 220V AC \/ 50Hz<\/p>\n<\/li>\n<li data-start=\"1736\" data-end=\"1777\">\n<p data-start=\"1738\" data-end=\"1777\"><strong data-start=\"1738\" data-end=\"1760\">S\u1ed1 tr\u1ee5c \u0111i\u1ec1u khi\u1ec3n<\/strong>: 2 tr\u1ee5c (X, Y)<\/p>\n<\/li>\n<li data-start=\"1778\" data-end=\"1848\">\n<p data-start=\"1780\" data-end=\"1848\"><strong data-start=\"1780\" data-end=\"1799\">Ng\u00f4n ng\u1eef h\u1ed7 tr\u1ee3<\/strong>: Ti\u1ebfng Trung, Ti\u1ebfng Anh (c\u00f3 th\u1ec3 th\u00eam ti\u1ebfng Vi\u1ec7t)<\/p>\n<\/li>\n<\/ul>\n<hr data-start=\"1850\" data-end=\"1853\" \/>\n<h3 data-start=\"1855\" data-end=\"1871\"><strong data-start=\"1859\" data-end=\"1871\">\u1ee8ng d\u1ee5ng<\/strong><\/h3>\n<ul data-start=\"1872\" data-end=\"2037\">\n<li data-start=\"1872\" data-end=\"1906\">\n<p data-start=\"1874\" data-end=\"1906\">L\u1eafp \u0111\u1eb7t cho m\u00e1y c\u1eaft CNC plasma<\/p>\n<\/li>\n<li data-start=\"1907\" data-end=\"1943\">\n<p data-start=\"1909\" data-end=\"1943\">T\u00edch h\u1ee3p v\u1edbi m\u00e1y c\u1eaft CNC oxy-gas<\/p>\n<\/li>\n<li data-start=\"1944\" data-end=\"1983\">\n<p data-start=\"1946\" data-end=\"1983\">N\u00e2ng c\u1ea5p, thay th\u1ebf h\u1ec7 \u0111i\u1ec1u khi\u1ec3n c\u0169<\/p>\n<\/li>\n<li data-start=\"1984\" data-end=\"2037\">\n<p data-start=\"1986\" data-end=\"2037\">Ph\u00f9 h\u1ee3p cho c\u00e1c x\u01b0\u1edfng c\u01a1 kh\u00ed, gia c\u00f4ng s\u1eaft th\u00e9p t\u1ea5m<\/p>\n<\/li>\n<\/ul>\n<hr data-start=\"2039\" data-end=\"2042\" \/>\n<p data-start=\"2044\" data-end=\"2188\">\ud83d\udce6 <strong data-start=\"2047\" data-end=\"2112\">H\u00e0ng ch\u00ednh h\u00e3ng \u2013 B\u1ea3o h\u00e0nh \u0111\u1ea7y \u0111\u1ee7 \u2013 H\u1ed7 tr\u1ee3 k\u1ef9 thu\u1eadt to\u00e0n qu\u1ed1c<\/strong><br data-start=\"2112\" data-end=\"2115\" \/>\ud83d\udcde <strong data-start=\"2118\" data-end=\"2134\">Li\u00ean h\u1ec7 <a href=\"http:\/\/www.ematech.com\">EMA TECH<\/a> 0933 563 625<\/strong>\u00a0\u0111\u1ec3 \u0111\u01b0\u1ee3c t\u01b0 v\u1ea5n c\u1ea5u h\u00ecnh ph\u00f9 h\u1ee3p &amp; b\u00e1o gi\u00e1 c\u1ea1nh tranh!<\/p>\n","protected":false},"excerpt":{"rendered":"<h3 data-start=\"848\" data-end=\"871\"><strong data-start=\"852\" data-end=\"871\">\u01afu \u0111i\u1ec3m n\u1ed5i b\u1eadt<\/strong><\/h3>\n<ul data-start=\"872\" data-end=\"1433\">\n<li data-start=\"872\" data-end=\"985\">\n<p data-start=\"874\" data-end=\"985\">\ud83d\udda5\ufe0f <strong data-start=\"878\" data-end=\"906\">Giao di\u1ec7n m\u00e0u d\u1ec5 s\u1eed d\u1ee5ng<\/strong>: M\u00e0n h\u00ecnh LCD m\u00e0u, hi\u1ec3n th\u1ecb r\u00f5 r\u00e0ng c\u00e1c th\u00f4ng s\u1ed1 v\u1eadn h\u00e0nh, h\u1ed7 tr\u1ee3 \u0111a ng\u00f4n ng\u1eef.<\/p>\n<\/li>\n<li data-start=\"986\" data-end=\"1103\">\n<p data-start=\"988\" data-end=\"1103\">\u2699\ufe0f <strong data-start=\"991\" data-end=\"1034\">T\u00edch h\u1ee3p ph\u1ea7n m\u1ec1m \u0111i\u1ec1u khi\u1ec3n th\u00f4ng minh<\/strong>: H\u1ed7 tr\u1ee3 \u0111\u1ecdc G-code, DXF, t\u00edch h\u1ee3p ph\u1ea7n m\u1ec1m nesting t\u1ed1i \u01b0u \u0111\u01b0\u1eddng c\u1eaft.<\/p>\n<\/li>\n<li data-start=\"1104\" data-end=\"1208\">\n<p data-start=\"1106\" data-end=\"1208\">\ud83d\udcbe <strong data-start=\"1109\" data-end=\"1146\">L\u01b0u tr\u1eef &amp; truy\u1ec1n d\u1eef li\u1ec7u ti\u1ec7n l\u1ee3i<\/strong>: Qua USB ho\u1eb7c c\u1ed5ng m\u1ea1ng, d\u1ec5 d\u00e0ng c\u1eadp nh\u1eadt v\u00e0 chuy\u1ec3n file c\u1eaft.<\/p>\n<\/li>\n<li data-start=\"1209\" data-end=\"1312\">\n<p data-start=\"1211\" data-end=\"1312\">\ud83d\ude80 <strong data-start=\"1214\" data-end=\"1235\">Hi\u1ec7u su\u1ea5t \u1ed5n \u0111\u1ecbnh<\/strong>: Ho\u1ea1t \u0111\u1ed9ng b\u1ec1n b\u1ec9 trong m\u00f4i tr\u01b0\u1eddng x\u01b0\u1edfng s\u1ea3n xu\u1ea5t, kh\u1ea3 n\u0103ng ch\u1ed1ng nhi\u1ec5u t\u1ed1t.<\/p>\n<\/li>\n<li data-start=\"1313\" data-end=\"1433\">\n<p data-start=\"1315\" data-end=\"1433\">\ud83d\udd04 <strong data-start=\"1318\" data-end=\"1349\">T\u01b0\u01a1ng th\u00edch \u0111a d\u1ea1ng m\u00e1y c\u1eaft<\/strong>: Ph\u00f9 h\u1ee3p v\u1edbi h\u1ea7u h\u1ebft h\u1ec7 th\u1ed1ng m\u00e1y c\u1eaft CNC plasma, oxy-gas ph\u1ed5 bi\u1ebfn tr\u00ean th\u1ecb tr\u01b0\u1eddng.<\/p>\n<\/li>\n<\/ul>\n","protected":false},"featured_media":1073,"comment_status":"open","ping_status":"closed","template":"","meta":[],"yst_prominent_words":[],"_links":{"self":[{"href":"https:\/\/ematechvn.com\/index.php?rest_route=\/wp\/v2\/product\/1072"}],"collection":[{"href":"https:\/\/ematechvn.com\/index.php?rest_route=\/wp\/v2\/product"}],"about":[{"href":"https:\/\/ematechvn.com\/index.php?rest_route=\/wp\/v2\/types\/product"}],"replies":[{"embeddable":true,"href":"https:\/\/ematechvn.com\/index.php?rest_route=%2Fwp%2Fv2%2Fcomments&post=1072"}],"wp:featuredmedia":[{"embeddable":true,"href":"https:\/\/ematechvn.com\/index.php?rest_route=\/wp\/v2\/media\/1073"}],"wp:attachment":[{"href":"https:\/\/ematechvn.com\/index.php?rest_route=%2Fwp%2Fv2%2Fmedia&parent=1072"}],"wp:term":[{"taxonomy":"yst_prominent_words","embeddable":true,"href":"https:\/\/ematechvn.com\/index.php?rest_route=%2Fwp%2Fv2%2Fyst_prominent_words&post=1072"}],"curies":[{"name":"wp","href":"https:\/\/api.w.org\/{rel}","templated":true}]}}