{"id":1079,"date":"2025-06-12T11:45:47","date_gmt":"2025-06-12T04:45:47","guid":{"rendered":"https:\/\/ematechvn.com\/?post_type=product&#038;p=1079"},"modified":"2025-06-12T11:50:25","modified_gmt":"2025-06-12T04:50:25","slug":"man-hinh-dieu-khien-may-cat-plasma-cnc-cc-m3","status":"publish","type":"product","link":"https:\/\/ematechvn.com\/?product=man-hinh-dieu-khien-may-cat-plasma-cnc-cc-m3","title":{"rendered":"M\u00e0n h\u00ecnh \u0111i\u1ec1u khi\u1ec3n m\u00e1y c\u1eaft plasma CNC CC-M3"},"content":{"rendered":"<h2 data-start=\"140\" data-end=\"239\"><strong data-start=\"143\" data-end=\"239\">M\u00e0n H\u00ecnh \u0110i\u1ec1u Khi\u1ec3n M\u00e1y C\u1eaft CNC CC-M3 \u2013 Giao Di\u1ec7n C\u1ea3m \u1ee8ng, Hi\u1ec7u N\u0103ng M\u01b0\u1ee3t M\u00e0, T\u1ed1i \u01afu V\u1eadn H\u00e0nh<\/strong><\/h2>\n<h3 data-start=\"241\" data-end=\"268\"><strong data-start=\"245\" data-end=\"268\">Gi\u1edbi thi\u1ec7u s\u1ea3n ph\u1ea9m<\/strong><\/h3>\n<p data-start=\"270\" data-end=\"590\"><strong data-start=\"270\" data-end=\"278\">CC-M3<\/strong> l\u00e0 d\u00f2ng <strong data-start=\"287\" data-end=\"349\">m\u00e0n h\u00ecnh \u0111i\u1ec1u khi\u1ec3n m\u00e1y c\u1eaft CNC plasma v\u00e0 oxy-gas hi\u1ec7n \u0111\u1ea1i<\/strong>, \u0111\u01b0\u1ee3c thi\u1ebft k\u1ebf t\u00edch h\u1ee3p c\u00f4ng ngh\u1ec7 c\u1ea3m \u1ee9ng \u0111i\u1ec7n tr\u1edf, giao di\u1ec7n th\u00e2n thi\u1ec7n v\u00e0 c\u1ea5u h\u00ecnh m\u1ea1nh m\u1ebd. S\u1ea3n ph\u1ea9m n\u00e0y ph\u00f9 h\u1ee3p v\u1edbi c\u00e1c d\u00f2ng m\u00e1y CNC th\u1ebf h\u1ec7 m\u1edbi, cho ph\u00e9p v\u1eadn h\u00e0nh m\u01b0\u1ee3t m\u00e0, tr\u1ef1c quan v\u00e0 t\u0103ng \u0111\u1ed9 ch\u00ednh x\u00e1c trong qu\u00e1 tr\u00ecnh gia c\u00f4ng kim lo\u1ea1i.<\/p>\n<p data-start=\"592\" data-end=\"776\"><strong data-start=\"592\" data-end=\"614\">B\u1ed9 \u0111i\u1ec1u khi\u1ec3n CC-M3<\/strong> h\u1ed7 tr\u1ee3 x\u1eed l\u00fd nhanh c\u00e1c \u0111\u1ecbnh d\u1ea1ng c\u1eaft ph\u1ed5 bi\u1ebfn nh\u01b0 G-code, DXF, c\u00f3 kh\u1ea3 n\u0103ng k\u1ebft n\u1ed1i USB v\u00e0 m\u1ea1ng LAN gi\u00fap ng\u01b0\u1eddi d\u00f9ng d\u1ec5 d\u00e0ng nh\u1eadp file, n\u00e2ng cao hi\u1ec7u qu\u1ea3 s\u1ea3n xu\u1ea5t.<\/p>\n<hr data-start=\"1357\" data-end=\"1360\" \/>\n<h3 data-start=\"1362\" data-end=\"1393\"><strong data-start=\"1366\" data-end=\"1393\">Th\u00f4ng s\u1ed1 k\u1ef9 thu\u1eadt ch\u00ednh<\/strong><\/h3>\n<ul data-start=\"1394\" data-end=\"1793\">\n<li data-start=\"1394\" data-end=\"1413\">\n<p data-start=\"1396\" data-end=\"1413\"><strong data-start=\"1396\" data-end=\"1405\">Model<\/strong>: CC-M3<\/p>\n<\/li>\n<li data-start=\"1414\" data-end=\"1477\">\n<p data-start=\"1416\" data-end=\"1477\"><strong data-start=\"1416\" data-end=\"1428\">M\u00e0n h\u00ecnh<\/strong>: C\u1ea3m \u1ee9ng \u0111i\u1ec7n tr\u1edf, 10.4 inch, \u0111\u1ed9 ph\u00e2n gi\u1ea3i cao<\/p>\n<\/li>\n<li data-start=\"1478\" data-end=\"1563\">\n<p data-start=\"1480\" data-end=\"1563\"><strong data-start=\"1480\" data-end=\"1502\">S\u1ed1 tr\u1ee5c \u0111i\u1ec1u khi\u1ec3n<\/strong>: 2 tr\u1ee5c (X, Y) \u2013 H\u1ed7 tr\u1ee3 \u0111i\u1ec1u khi\u1ec3n chi\u1ec1u cao t\u1ef1 \u0111\u1ed9ng (THC)<\/p>\n<\/li>\n<li data-start=\"1564\" data-end=\"1643\">\n<p data-start=\"1566\" data-end=\"1643\"><strong data-start=\"1566\" data-end=\"1588\">Ng\u00f4n ng\u1eef giao di\u1ec7n<\/strong>: Ti\u1ebfng Anh, ti\u1ebfng Trung (c\u00f3 th\u1ec3 t\u00f9y ch\u1ecdn ti\u1ebfng Vi\u1ec7t)<\/p>\n<\/li>\n<li data-start=\"1644\" data-end=\"1681\">\n<p data-start=\"1646\" data-end=\"1681\"><strong data-start=\"1646\" data-end=\"1657\">K\u1ebft n\u1ed1i<\/strong>: USB, RS232, Ethernet<\/p>\n<\/li>\n<li data-start=\"1682\" data-end=\"1715\">\n<p data-start=\"1684\" data-end=\"1715\"><strong data-start=\"1684\" data-end=\"1697\">Ngu\u1ed3n c\u1ea5p<\/strong>: AC 220V \/ 50Hz<\/p>\n<\/li>\n<li data-start=\"1716\" data-end=\"1793\">\n<p data-start=\"1718\" data-end=\"1793\"><strong data-start=\"1718\" data-end=\"1730\">\u1ee8ng d\u1ee5ng<\/strong>: M\u00e1y c\u1eaft CNC plasma, m\u00e1y c\u1eaft gas\/oxy, m\u00e1y c\u1eaft t\u1ef1 \u0111\u1ed9ng d\u1ea1ng b\u00e0n<\/p>\n<\/li>\n<\/ul>\n<hr data-start=\"1795\" data-end=\"1798\" \/>\n<h3 data-start=\"1800\" data-end=\"1816\"><strong data-start=\"1804\" data-end=\"1816\">\u1ee8ng d\u1ee5ng<\/strong><\/h3>\n<ul data-start=\"1817\" data-end=\"1996\">\n<li data-start=\"1817\" data-end=\"1859\">\n<p data-start=\"1819\" data-end=\"1859\">D\u00f9ng cho m\u00e1y c\u1eaft CNC plasma v\u00e0 oxy-gas<\/p>\n<\/li>\n<li data-start=\"1860\" data-end=\"1906\">\n<p data-start=\"1862\" data-end=\"1906\">L\u1eafp \u0111\u1eb7t m\u1edbi ho\u1eb7c thay th\u1ebf b\u1ed9 \u0111i\u1ec1u khi\u1ec3n c\u0169<\/p>\n<\/li>\n<li data-start=\"1907\" data-end=\"1996\">\n<p data-start=\"1909\" data-end=\"1996\">Ph\u00f9 h\u1ee3p v\u1edbi x\u01b0\u1edfng c\u01a1 kh\u00ed, s\u1ea3n xu\u1ea5t k\u1ebft c\u1ea5u th\u00e9p, ng\u00e0nh qu\u1ea3ng c\u00e1o, gia c\u00f4ng kim lo\u1ea1i t\u1ea5m<\/p>\n<\/li>\n<\/ul>\n<hr data-start=\"2054\" data-end=\"2057\" \/>\n<p data-start=\"2044\" data-end=\"2188\">\ud83d\udce6 <strong data-start=\"2047\" data-end=\"2112\">H\u00e0ng ch\u00ednh h\u00e3ng \u2013 B\u1ea3o h\u00e0nh \u0111\u1ea7y \u0111\u1ee7 \u2013 H\u1ed7 tr\u1ee3 k\u1ef9 thu\u1eadt to\u00e0n qu\u1ed1c<\/strong><br data-start=\"2112\" data-end=\"2115\" \/>\ud83d\udcde <strong data-start=\"2118\" data-end=\"2134\">Li\u00ean h\u1ec7 <a href=\"http:\/\/www.ematech.com\">EMA TECH<\/a> 0933 563 625<\/strong>\u00a0\u0111\u1ec3 \u0111\u01b0\u1ee3c t\u01b0 v\u1ea5n c\u1ea5u h\u00ecnh ph\u00f9 h\u1ee3p &amp; b\u00e1o gi\u00e1 c\u1ea1nh tranh!<\/p>\n","protected":false},"excerpt":{"rendered":"<h3 data-start=\"783\" data-end=\"806\"><strong data-start=\"787\" data-end=\"806\">\u01afu \u0111i\u1ec3m n\u1ed5i b\u1eadt<\/strong><\/h3>\n<ul data-start=\"807\" data-end=\"1355\">\n<li data-start=\"807\" data-end=\"937\">\n<p data-start=\"809\" data-end=\"937\">\ud83d\udda5\ufe0f <strong data-start=\"813\" data-end=\"852\">M\u00e0n h\u00ecnh c\u1ea3m \u1ee9ng 10.4 inch hi\u1ec7n \u0111\u1ea1i<\/strong>: Hi\u1ec3n th\u1ecb m\u00e0u s\u1eafc r\u00f5 n\u00e9t, thao t\u00e1c tr\u1ef1c ti\u1ebfp tr\u00ean m\u00e0n h\u00ecnh, kh\u00f4ng c\u1ea7n b\u00e0n ph\u00edm c\u1ee9ng.<\/p>\n<\/li>\n<li data-start=\"938\" data-end=\"1040\">\n<p data-start=\"940\" data-end=\"1040\">\u2699\ufe0f <strong data-start=\"943\" data-end=\"973\">H\u1ec7 \u0111i\u1ec1u h\u00e0nh nh\u00fang \u1ed5n \u0111\u1ecbnh<\/strong>: Giao di\u1ec7n t\u1ed1i \u01b0u cho c\u1eaft CNC, h\u1ed7 tr\u1ee3 thao t\u00e1c nhanh v\u00e0 ch\u00ednh x\u00e1c.<\/p>\n<\/li>\n<li data-start=\"1041\" data-end=\"1155\">\n<p data-start=\"1043\" data-end=\"1155\">\ud83d\udcc2 <strong data-start=\"1046\" data-end=\"1078\">\u0110\u1ecdc nhi\u1ec1u \u0111\u1ecbnh d\u1ea1ng file c\u1eaft<\/strong>: H\u1ed7 tr\u1ee3 DXF, G-code, *.NC, *.TXT\u2026 Nh\u1eadp li\u1ec7u linh ho\u1ea1t qua USB ho\u1eb7c m\u1ea1ng LAN.<\/p>\n<\/li>\n<li data-start=\"1156\" data-end=\"1249\">\n<p data-start=\"1158\" data-end=\"1249\">\ud83d\udd27 <strong data-start=\"1161\" data-end=\"1196\">C\u00e0i \u0111\u1eb7t linh ho\u1ea1t \u2013 d\u1ec5 v\u1eadn h\u00e0nh<\/strong>: Ph\u00f9 h\u1ee3p c\u1ea3 ng\u01b0\u1eddi m\u1edbi v\u1eadn h\u00e0nh ho\u1eb7c n\u00e2ng c\u1ea5p m\u00e1y c\u0169.<\/p>\n<\/li>\n<li data-start=\"1250\" data-end=\"1355\">\n<p data-start=\"1252\" data-end=\"1355\">\ud83d\udd0c <strong data-start=\"1255\" data-end=\"1286\">T\u01b0\u01a1ng th\u00edch \u0111a d\u1ea1ng m\u00e1y c\u1eaft<\/strong>: Ho\u1ea1t \u0111\u1ed9ng t\u1ed1t v\u1edbi m\u00e1y c\u1eaft CNC plasma, oxy-gas, c\u1eaft 2D kim lo\u1ea1i t\u1ea5m.<\/p>\n<\/li>\n<\/ul>\n","protected":false},"featured_media":1080,"comment_status":"open","ping_status":"closed","template":"","meta":[],"yst_prominent_words":[],"_links":{"self":[{"href":"https:\/\/ematechvn.com\/index.php?rest_route=\/wp\/v2\/product\/1079"}],"collection":[{"href":"https:\/\/ematechvn.com\/index.php?rest_route=\/wp\/v2\/product"}],"about":[{"href":"https:\/\/ematechvn.com\/index.php?rest_route=\/wp\/v2\/types\/product"}],"replies":[{"embeddable":true,"href":"https:\/\/ematechvn.com\/index.php?rest_route=%2Fwp%2Fv2%2Fcomments&post=1079"}],"wp:featuredmedia":[{"embeddable":true,"href":"https:\/\/ematechvn.com\/index.php?rest_route=\/wp\/v2\/media\/1080"}],"wp:attachment":[{"href":"https:\/\/ematechvn.com\/index.php?rest_route=%2Fwp%2Fv2%2Fmedia&parent=1079"}],"wp:term":[{"taxonomy":"yst_prominent_words","embeddable":true,"href":"https:\/\/ematechvn.com\/index.php?rest_route=%2Fwp%2Fv2%2Fyst_prominent_words&post=1079"}],"curies":[{"name":"wp","href":"https:\/\/api.w.org\/{rel}","templated":true}]}}