{"id":1163,"date":"2025-11-12T11:11:51","date_gmt":"2025-11-12T04:11:51","guid":{"rendered":"https:\/\/ematechvn.com\/?post_type=product&#038;p=1163"},"modified":"2025-11-12T14:39:26","modified_gmt":"2025-11-12T07:39:26","slug":"may-phun-bi-dam-h","status":"publish","type":"product","link":"https:\/\/ematechvn.com\/?product=may-phun-bi-dam-h","title":{"rendered":"M\u00e1y Phun Bi D\u1ea7m H"},"content":{"rendered":"<p><strong>M\u00e1y phun bi d\u1ea7m H<\/strong> \u0111\u01b0\u1ee3c d\u00f9ng ch\u1ee7 y\u1ebfu \u0111\u1ec3 l\u00e0m s\u1ea1ch b\u1ec1 m\u1eb7t th\u00e9p d\u1ea7m H v\u00e0 th\u00e9p, b\u1eb1ng c\u00e1ch phun bi lo\u1ea1i b\u1ecf c\u00e1c t\u1ea1p b\u1ea9n, r\u1ec9 s\u00e9t, c\u00e1c lo\u1ea1i b\u00e1m d\u00ednh\u2026 t\u1ea1o \u0111\u1ed9 c\u1ee9ng , \u0111\u1ed9 b\u1ec1n \u0111\u1eb9p cho s\u1ea3n ph\u1ea9m. L\u00e0 ph\u01b0\u01a1ng ph\u00e1p t\u1ed1i \u01b0u c\u1ea3i thi\u1ec7n ch\u1ea5t l\u01b0\u1ee3ng b\u1ec1 m\u1eb7t v\u00e0 k\u1ebft c\u1ea5u th\u00e9p.<\/p>\n<h3 data-start=\"306\" data-end=\"333\"><strong data-start=\"310\" data-end=\"333\">Gi\u1edbi thi\u1ec7u s\u1ea3n ph\u1ea9m<\/strong><\/h3>\n<div class=\"plus-icon-list-text \">\n<p class=\"gt-block\"><strong>Ph\u00e2n lo\u1ea1i v\u00e0 ho\u1ea1t \u0111\u1ed9ng<\/strong>: M\u00e1y phun bi t\u1ef1 \u0111\u1ed9ng v\u1eadn h\u00e0nh theo ki\u1ec3u b\u0103ng t\u1ea3i con l\u0103n.<\/p>\n<div class=\"plus-icon-list-text \">\n<p class=\"gt-block\"><strong>Ch\u1ee9c n\u0103ng<\/strong>: L\u00e0m s\u1ea1ch r\u1ec9 s\u00e9t, c\u1eb7n oxit v\u00e0 c\u00e1c t\u1ea1p ch\u1ea5t kh\u00e1c tr\u00ean b\u1ec1 m\u1eb7t d\u1ea7m ch\u1eef H.<\/p>\n<\/div>\n<div class=\"plus-icon-list-text \">\n<p class=\"gt-block\"><strong>X\u1eed l\u00fd b\u1ec1 m\u1eb7t<\/strong>: C\u1ea3i thi\u1ec7n \u0111\u1ed9 b\u00e1m d\u00ednh c\u1ee7a l\u1edbp ph\u1ee7 v\u00e0 ph\u1ee5c h\u1ed3i c\u00e1c b\u1ec1 m\u1eb7t ch\u1ecbu t\u1ea3i tr\u1ecdng tu\u1ea7n ho\u00e0n.<\/p>\n<\/div>\n<div class=\"plus-icon-list-text \">\n<p class=\"gt-block\"><strong>C\u00e1c t\u00ednh n\u0103ng \u0111\u01b0\u1ee3c x\u1eed l\u00fd<\/strong>: C\u1ea3i thi\u1ec7n b\u1ec1 m\u1eb7t ph\u00f4i v\u00e0 t\u0103ng kh\u1ea3 n\u0103ng ch\u1ed1ng \u0103n m\u00f2n<\/p>\n<\/div>\n<\/div>\n<hr data-start=\"1435\" data-end=\"1438\" \/>\n<h3 data-start=\"1440\" data-end=\"1472\"><strong data-start=\"1444\" data-end=\"1472\">Th\u00f4ng s\u1ed1 k\u1ef9 thu\u1eadt\u00a0<\/strong><\/h3>\n<table style=\"width: 78.6386%; height: 2036px;\" width=\"723\">\n<tbody>\n<tr style=\"height: 80px;\">\n<td style=\"width: 28.1593%; height: 160px;\" rowspan=\"2\" width=\"206\">Quy c\u00e1ch<\/td>\n<td style=\"width: 42.033%; height: 80px;\" width=\"240\">K\u00edch th\u01b0\u1edbc ph\u00f2ng l\u00e0m s\u1ea1ch<br \/>\n(RxC)<\/td>\n<td style=\"width: 35.657%; height: 80px;\" width=\"278\">\u00a01500 x 2200 mm<\/td>\n<\/tr>\n<tr style=\"height: 80px;\">\n<td style=\"width: 42.033%; height: 80px;\" width=\"240\">K\u00edch th\u01b0\u1edbc ph\u00f4i t\u1ed1i \u0111a<br \/>\n(RxCxD)<\/td>\n<td style=\"width: 35.657%; height: 80px;\" width=\"278\">1000 x 2000 x 15000 mm<\/td>\n<\/tr>\n<tr style=\"height: 56px;\">\n<td style=\"width: 28.1593%; height: 112px;\" rowspan=\"2\" width=\"206\">Y\u00eau c\u1ea7u ch\u1ea5t l\u01b0\u1ee3ng<\/td>\n<td style=\"width: 42.033%; height: 56px;\" width=\"240\">B\u1ec1 m\u1eb7t<\/td>\n<td style=\"width: 35.657%; height: 56px;\" width=\"278\">Sa2.5\u00a0 (GB8923-88)<\/td>\n<\/tr>\n<tr style=\"height: 56px;\">\n<td style=\"width: 42.033%; height: 56px;\" width=\"240\">\u0110\u1ed9 r\u00e1p b\u1ec1 m\u0103\u0323t<\/td>\n<td style=\"width: 35.657%; height: 56px;\" width=\"278\">Ra15-50\u00a0 (GB1031-83)<\/td>\n<\/tr>\n<tr style=\"height: 56px;\">\n<td style=\"width: 28.1593%; height: 280px;\" rowspan=\"5\" width=\"206\">B\u1ed9 phun<\/td>\n<td style=\"width: 42.033%; height: 56px;\" width=\"240\">\u0110\u1ea7u phun<\/td>\n<td style=\"width: 35.657%; height: 56px;\" width=\"278\">10<\/td>\n<\/tr>\n<tr style=\"height: 56px;\">\n<td style=\"width: 42.033%; height: 56px;\" width=\"240\">Model<\/td>\n<td style=\"width: 35.657%; height: 56px;\" width=\"278\">QZ320<\/td>\n<\/tr>\n<tr style=\"height: 56px;\">\n<td style=\"width: 42.033%; height: 56px;\" width=\"240\">Dung l\u01b0\u1ee3ng bi b\u1eafn<\/td>\n<td style=\"width: 35.657%; height: 56px;\" width=\"278\">10 x 220 kg\/ph\u00fat<\/td>\n<\/tr>\n<tr style=\"height: 56px;\">\n<td style=\"width: 42.033%; height: 56px;\" width=\"240\">T\u1ed1c \u0111\u1ed9 quay<\/td>\n<td style=\"width: 35.657%; height: 56px;\" width=\"278\">2940 v\u00f2ng \/ph\u00fat<\/td>\n<\/tr>\n<tr style=\"height: 56px;\">\n<td style=\"width: 42.033%; height: 56px;\" width=\"240\">C\u00f4ng su\u1ea5t truy\u1ec1n \u0111\u1ed9ng<\/td>\n<td style=\"width: 35.657%; height: 56px;\" width=\"278\">10 x 11 kw<\/td>\n<\/tr>\n<tr style=\"height: 56px;\">\n<td style=\"width: 28.1593%; height: 360px;\" rowspan=\"6\" width=\"206\">H\u1ec7 th\u1ed1ng b\u0103ng t\u1ea3i ph\u00f4i<\/td>\n<td style=\"width: 42.033%; height: 56px;\" width=\"240\">Chi\u1ec1u d\u00e0i b\u0103ng t\u1ea3i con l\u0103n \u0111\u1ea7u v\u00e0o<\/td>\n<td style=\"width: 35.657%; height: 56px;\" width=\"278\">\u00a015000 mm<\/td>\n<\/tr>\n<tr style=\"height: 56px;\">\n<td style=\"width: 42.033%; height: 56px;\" width=\"240\">Chi\u1ec1u d\u00e0i b\u0103ng t\u1ea3i con l\u0103n \u0111\u1ea7u ra<\/td>\n<td style=\"width: 35.657%; height: 56px;\" width=\"278\">15000 mm<\/td>\n<\/tr>\n<tr style=\"height: 56px;\">\n<td style=\"width: 42.033%; height: 56px;\" width=\"240\">Chi\u1ec1u d\u00e0i b\u0103ng t\u1ea3i con l\u0103n trong bu\u1ed3ng phun<\/td>\n<td style=\"width: 35.657%; height: 56px;\" width=\"278\">7200 mm<\/td>\n<\/tr>\n<tr style=\"height: 80px;\">\n<td style=\"width: 42.033%; height: 80px;\" width=\"240\">Kho\u1ea3ng c\u00e1ch gi\u1eefa b\u0103ng t\u1ea3i con l\u0103n ngo\u00e0i bu\u1ed3ng phun<\/td>\n<td style=\"width: 35.657%; height: 80px;\" width=\"278\">1000 mm<\/td>\n<\/tr>\n<tr style=\"height: 56px;\">\n<td style=\"width: 42.033%; height: 56px;\" width=\"240\">Kh\u1ea3 n\u0103ng ch\u1ecbu t\u1ea3i c\u1ee7a b\u0103ng t\u1ea3i con l\u0103n<\/td>\n<td style=\"width: 35.657%; height: 56px;\" width=\"278\">2000 kg\/m<\/td>\n<\/tr>\n<tr style=\"height: 56px;\">\n<td style=\"width: 42.033%; height: 56px;\" width=\"240\">T\u1ed1c \u0111\u1ed9 t\u1ea3i<\/td>\n<td style=\"width: 35.657%; height: 56px;\" width=\"278\">0.5 \u2013 5 m\/ph\u00fat<\/td>\n<\/tr>\n<tr style=\"height: 56px;\">\n<td style=\"width: 28.1593%; height: 56px;\" width=\"206\">H\u1ec7 th\u1ed1ng b\u0103ng t\u1ea3i bi<\/td>\n<td style=\"width: 42.033%; height: 56px;\" width=\"240\">N\u0103ng su\u1ea5t b\u0103ng t\u1ea3i bi<\/td>\n<td style=\"width: 35.657%; height: 56px;\" width=\"278\">120T\/h<\/td>\n<\/tr>\n<tr style=\"height: 56px;\">\n<td style=\"width: 28.1593%; height: 56px;\" width=\"206\">B\u0103ng t\u1ea3i xo\u1eafn d\u1ecdc<\/td>\n<td style=\"width: 42.033%; height: 56px;\" width=\"240\">C\u00f4ng su\u1ea5t truy\u1ec1n \u0111\u1ed9ng<\/td>\n<td style=\"width: 35.657%; height: 56px;\" width=\"278\">5.5 kw<\/td>\n<\/tr>\n<tr style=\"height: 56px;\">\n<td style=\"width: 28.1593%; height: 168px;\" rowspan=\"3\" width=\"206\">Thang n\u00e2ng g\u1ea7u<\/td>\n<td style=\"width: 42.033%; height: 56px;\" width=\"240\">C\u00f4ng su\u1ea5t truy\u1ec1n \u0111\u1ed9ng<\/td>\n<td style=\"width: 35.657%; height: 56px;\" width=\"278\">7.5 kw<\/td>\n<\/tr>\n<tr style=\"height: 56px;\">\n<td style=\"width: 42.033%; height: 56px;\" width=\"240\">T\u1ed1c \u0111\u1ed9 n\u00e2ng<\/td>\n<td style=\"width: 35.657%; height: 56px;\" width=\"278\">1.5 m\/s<\/td>\n<\/tr>\n<tr style=\"height: 56px;\">\n<td style=\"width: 42.033%; height: 56px;\" width=\"240\">Kh\u1ea3 n\u0103ng n\u00e2ng<\/td>\n<td style=\"width: 35.657%; height: 56px;\" width=\"278\">120T\/h<\/td>\n<\/tr>\n<tr style=\"height: 56px;\">\n<td style=\"width: 70.1923%; height: 56px;\" colspan=\"2\" width=\"446\">\u0110\u01b0\u1eddng k\u00ednh bi th\u00e9p<\/td>\n<td style=\"width: 35.657%; height: 56px;\" width=\"278\">\u04441.2-\u04441.8mm<\/td>\n<\/tr>\n<tr style=\"height: 56px;\">\n<td style=\"width: 28.1593%; height: 336px;\" rowspan=\"6\" width=\"206\">H\u1ec7 th\u1ed1ng l\u1ecdc b\u1ee5i<\/td>\n<td style=\"width: 42.033%; height: 56px;\" width=\"240\">Model<\/td>\n<td style=\"width: 35.657%; height: 56px;\" width=\"278\">LMF-I<\/td>\n<\/tr>\n<tr style=\"height: 56px;\">\n<td style=\"width: 42.033%; height: 56px;\" width=\"240\">Dung l\u01b0\u1ee3ng l\u1ecdc<\/td>\n<td style=\"width: 35.657%; height: 56px;\" width=\"278\">&lt; 120 mg\/m\u00b3<\/td>\n<\/tr>\n<tr style=\"height: 56px;\">\n<td style=\"width: 42.033%; height: 56px;\" width=\"240\">T\u1ed1c \u0111\u1ed9 gi\u00f3 c\u1ee7a c\u1ed5ng<\/td>\n<td style=\"width: 35.657%; height: 56px;\" width=\"278\">&lt; 5m\/s<\/td>\n<\/tr>\n<tr style=\"height: 56px;\">\n<td style=\"width: 42.033%; height: 56px;\" width=\"240\">Kh\u1ed1i l\u01b0\u1ee3ng c\u1ee7a h\u1ec7 th\u1ed1ng l\u1ecdc<\/td>\n<td style=\"width: 35.657%; height: 56px;\" width=\"278\">18000 m\u00b3<\/td>\n<\/tr>\n<tr style=\"height: 56px;\">\n<td style=\"width: 42.033%; height: 56px;\" width=\"240\">S\u1ed1 l\u01b0\u1ee3ng l\u00f5i b\u1ed9 l\u1ecdc<\/td>\n<td style=\"width: 35.657%; height: 56px;\" width=\"278\">12<\/td>\n<\/tr>\n<tr style=\"height: 56px;\">\n<td style=\"width: 42.033%; height: 56px;\" width=\"240\">Khu v\u1ef1c l\u1ecdc (18 x 20)<\/td>\n<td style=\"width: 35.657%; height: 56px;\" width=\"278\">360 m\u00b2<\/td>\n<\/tr>\n<tr style=\"height: 56px;\">\n<td style=\"width: 70.1923%; height: 56px;\" colspan=\"2\" width=\"446\">Model m\u00e1y th\u00f4ng gi\u00f3 ly t\u00e2m<\/td>\n<td style=\"width: 35.657%; height: 56px;\" width=\"278\">4-72-5A<\/td>\n<\/tr>\n<tr style=\"height: 56px;\">\n<td style=\"width: 70.1923%; height: 56px;\" colspan=\"2\" width=\"446\">Kh\u1ed1i l\u01b0\u1ee3ng kh\u00f4ng kh\u00ed m\u00e1y th\u00f4ng gi\u00f3 ly t\u00e2m<\/td>\n<td style=\"width: 35.657%; height: 56px;\" width=\"278\">18000 m\u00b3\/h<\/td>\n<\/tr>\n<tr style=\"height: 56px;\">\n<td style=\"width: 70.1923%; height: 56px;\" colspan=\"2\" width=\"446\">\u00c1p su\u1ea5t gi\u00f3 m\u00e1y th\u00f4ng gi\u00f3 ly t\u00e2m<\/td>\n<td style=\"width: 35.657%; height: 56px;\" width=\"278\">2022 Pa<\/td>\n<\/tr>\n<tr style=\"height: 56px;\">\n<td style=\"width: 70.1923%; height: 56px;\" colspan=\"2\" width=\"446\">C\u00f4ng su\u1ea5t m\u00e1y th\u00f4ng gi\u00f3 ly t\u00e2m<\/td>\n<td style=\"width: 35.657%; height: 56px;\" width=\"278\">15 kw<\/td>\n<\/tr>\n<tr style=\"height: 56px;\">\n<td style=\"width: 70.1923%; height: 56px;\" colspan=\"2\" width=\"446\">C\u00f4ng su\u1ea5t m\u00e1y th\u00f4ng gi\u00f3 h\u1ec7 th\u1ed1ng l\u00e0m s\u1ea1ch<\/td>\n<td style=\"width: 35.657%; height: 56px;\" width=\"278\">15 kw<\/td>\n<\/tr>\n<tr style=\"height: 56px;\">\n<td style=\"width: 70.1923%; height: 56px;\" colspan=\"2\" width=\"446\">C\u00f4ng su\u1ea5t chung\u00a0 c\u1ee7a m\u00e1y<\/td>\n<td style=\"width: 35.657%; height: 56px;\" width=\"278\">~ 162 kw<\/td>\n<\/tr>\n<tr style=\"height: 56px;\">\n<td style=\"width: 70.1923%; height: 56px;\" colspan=\"2\" width=\"446\">Kh\u1ed1i l\u01b0\u1ee3ng kh\u00f4ng kh\u00ed chung c\u1ee7a m\u00e1y<\/td>\n<td style=\"width: 35.657%; height: 56px;\" width=\"278\">18000 m\u00b3\/h<\/td>\n<\/tr>\n<tr style=\"height: 32px;\">\n<td style=\"width: 70.1923%; height: 32px;\" colspan=\"2\" width=\"446\">\u0110i\u1ec7n \u00e1p<\/td>\n<td style=\"width: 35.657%; height: 32px;\" width=\"278\">3 pha, 380V, 50Hz<\/td>\n<\/tr>\n<tr style=\"height: 28px;\">\n<td style=\"width: 70.1923%; height: 28px;\" colspan=\"2\" width=\"446\">\u0110\u1ed9 \u1ed3n<\/td>\n<td style=\"width: 35.657%; height: 28px;\" width=\"278\">\u226490 dB<\/td>\n<\/tr>\n<\/tbody>\n<\/table>\n<hr data-start=\"2039\" data-end=\"2042\" \/>\n<p data-start=\"1935\" data-end=\"2083\"><strong data-start=\"2118\" data-end=\"2134\"><a href=\"http:\/\/www.ematech.com\">EMA TECH<\/a> <\/strong> chuy\u00ean cung c\u1ea5p m\u00e1y phun bi d\u1ea7m H ch\u1ea5t l\u01b0\u1ee3ng cao \u0111\u1ebfn t\u1eeb th\u01b0\u01a1ng hi\u1ec7u h\u00e0ng \u0111\u1ea7u VN<\/p>\n<ul data-start=\"2084\" data-end=\"2193\">\n<li data-start=\"2084\" data-end=\"2110\">\n<p data-start=\"2086\" data-end=\"2110\">T\u01b0 v\u1ea5n gi\u1ea3i ph\u00e1p ph\u00f9 h\u1ee3p<\/p>\n<\/li>\n<li data-start=\"2111\" data-end=\"2142\">\n<p data-start=\"2113\" data-end=\"2142\">H\u01b0\u1edbng d\u1eabn v\u1eadn h\u00e0nh, l\u1eadp tr\u00ecnh<\/p>\n<\/li>\n<li data-start=\"2143\" data-end=\"2193\">\n<p data-start=\"2145\" data-end=\"2193\">B\u1ea3o h\u00e0nh ch\u00ednh h\u00e3ng, h\u1ed7 tr\u1ee3 k\u1ef9 thu\u1eadt nhanh ch\u00f3ng<\/p>\n<\/li>\n<\/ul>\n<p data-start=\"2195\" data-end=\"2262\">\ud83d\udcde <strong data-start=\"2198\" data-end=\"2262\">Li\u00ean h\u1ec7 ngay <a href=\"http:\/\/www.ematech.com\">EMA TECH<\/a> \u0111\u1ec3 \u0111\u01b0\u1ee3c t\u01b0 v\u1ea5n chi ti\u1ebft v\u00e0 nh\u1eadn b\u00e1o gi\u00e1 \u01b0u \u0111\u00e3i!<\/strong><\/p>\n<p data-start=\"2044\" data-end=\"2188\">\ud83d\udce6 <strong data-start=\"2047\" data-end=\"2112\">H\u00e0ng ch\u00ednh h\u00e3ng \u2013 B\u1ea3o h\u00e0nh \u0111\u1ea7y \u0111\u1ee7 \u2013 H\u1ed7 tr\u1ee3 k\u1ef9 thu\u1eadt to\u00e0n qu\u1ed1c<\/strong><\/p>\n","protected":false},"excerpt":{"rendered":"<h3 data-start=\"848\" data-end=\"871\"><strong data-start=\"852\" data-end=\"871\">\u01afu \u0111i\u1ec3m n\u1ed5i b\u1eadt<\/strong><\/h3>\n<ul style=\"list-style-type: circle;\">\n<li class=\"gt-block\"><strong>Ph\u00e2n lo\u1ea1i v\u00e0 ho\u1ea1t \u0111\u1ed9ng<\/strong>: M\u00e1y phun bi t\u1ef1 \u0111\u1ed9ng v\u1eadn h\u00e0nh theo ki\u1ec3u b\u0103ng t\u1ea3i con l\u0103n.<\/li>\n<li class=\"plus-icon-list-text \">\n<p class=\"gt-block\"><strong>Ch\u1ee9c n\u0103ng<\/strong>: L\u00e0m s\u1ea1ch r\u1ec9 s\u00e9t, c\u1eb7n oxit v\u00e0 c\u00e1c t\u1ea1p ch\u1ea5t kh\u00e1c tr\u00ean b\u1ec1 m\u1eb7t d\u1ea7m ch\u1eef H.<\/p>\n<\/li>\n<li class=\"plus-icon-list-text \">\n<p class=\"gt-block\"><strong>X\u1eed l\u00fd b\u1ec1 m\u1eb7t<\/strong>: C\u1ea3i thi\u1ec7n \u0111\u1ed9 b\u00e1m d\u00ednh c\u1ee7a l\u1edbp ph\u1ee7 v\u00e0 ph\u1ee5c h\u1ed3i c\u00e1c b\u1ec1 m\u1eb7t ch\u1ecbu t\u1ea3i tr\u1ecdng tu\u1ea7n ho\u00e0n.<\/p>\n<\/li>\n<li class=\"plus-icon-list-text \">\n<p class=\"gt-block\"><strong>C\u00e1c t\u00ednh n\u0103ng \u0111\u01b0\u1ee3c x\u1eed l\u00fd<\/strong>: C\u1ea3i thi\u1ec7n b\u1ec1 m\u1eb7t ph\u00f4i v\u00e0 t\u0103ng kh\u1ea3 n\u0103ng ch\u1ed1ng \u0103n m\u00f2n<\/p>\n<\/li>\n<\/ul>\n","protected":false},"featured_media":1164,"comment_status":"open","ping_status":"closed","template":"","meta":[],"yst_prominent_words":[],"_links":{"self":[{"href":"https:\/\/ematechvn.com\/index.php?rest_route=\/wp\/v2\/product\/1163"}],"collection":[{"href":"https:\/\/ematechvn.com\/index.php?rest_route=\/wp\/v2\/product"}],"about":[{"href":"https:\/\/ematechvn.com\/index.php?rest_route=\/wp\/v2\/types\/product"}],"replies":[{"embeddable":true,"href":"https:\/\/ematechvn.com\/index.php?rest_route=%2Fwp%2Fv2%2Fcomments&post=1163"}],"wp:featuredmedia":[{"embeddable":true,"href":"https:\/\/ematechvn.com\/index.php?rest_route=\/wp\/v2\/media\/1164"}],"wp:attachment":[{"href":"https:\/\/ematechvn.com\/index.php?rest_route=%2Fwp%2Fv2%2Fmedia&parent=1163"}],"wp:term":[{"taxonomy":"yst_prominent_words","embeddable":true,"href":"https:\/\/ematechvn.com\/index.php?rest_route=%2Fwp%2Fv2%2Fyst_prominent_words&post=1163"}],"curies":[{"name":"wp","href":"https:\/\/api.w.org\/{rel}","templated":true}]}}