{"id":1185,"date":"2025-11-12T14:40:39","date_gmt":"2025-11-12T07:40:39","guid":{"rendered":"https:\/\/ematechvn.com\/?post_type=product&#038;p=1185"},"modified":"2025-11-12T14:48:45","modified_gmt":"2025-11-12T07:48:45","slug":"may-dinh-ga-dam-h","status":"publish","type":"product","link":"https:\/\/ematechvn.com\/?product=may-dinh-ga-dam-h","title":{"rendered":"M\u00e1y \u0110\u00ednh G\u00e1 D\u1ea7m H"},"content":{"rendered":"<p><strong data-start=\"0\" data-end=\"21\">M\u00e1y \u0111\u00ednh g\u00e1 d\u1ea7m H<\/strong> l\u00e0 m\u00e1y d\u00f9ng \u0111\u1ec3 <strong data-start=\"37\" data-end=\"79\">\u0111\u1ecbnh v\u1ecb, g\u00e1 v\u00e0 \u0111\u00ednh c\u00e1c d\u1ea7m h\u00ecnh ch\u1eef H<\/strong> tr\u01b0\u1edbc khi \u0111\u01b0a v\u00e0o c\u00e1c c\u00f4ng \u0111o\u1ea1n ti\u1ebfp theo, th\u01b0\u1eddng l\u00e0 h\u00e0n ho\u1eb7c l\u1eafp r\u00e1p.<\/p>\n<p data-start=\"156\" data-end=\"178\"><strong data-start=\"156\" data-end=\"176\">Ch\u1ee9c n\u0103ng ch\u00ednh:<\/strong><\/p>\n<ol data-start=\"181\" data-end=\"384\">\n<li data-start=\"181\" data-end=\"231\">\n<p data-start=\"184\" data-end=\"231\">G\u00e1 ch\u00ednh x\u00e1c c\u00e1c d\u1ea7m H theo v\u1ecb tr\u00ed c\u1ea7n thi\u1ebft.<\/p>\n<\/li>\n<li data-start=\"234\" data-end=\"308\">\n<p data-start=\"237\" data-end=\"308\">Gi\u1eef c\u1ed1 \u0111\u1ecbnh d\u1ea7m trong qu\u00e1 tr\u00ecnh \u0111\u00ednh (b\u1eb1ng h\u00e0n, bul\u00f4ng, ho\u1eb7c c\u01a1 kh\u00ed).<\/p>\n<\/li>\n<li data-start=\"311\" data-end=\"384\">\n<p data-start=\"314\" data-end=\"384\">\u0110\u1ea3m b\u1ea3o d\u1ea7m H \u0111\u01b0\u1ee3c \u0111\u1ecbnh v\u1ecb \u0111\u00fang \u0111\u1ec3 t\u0103ng \u0111\u1ed9 ch\u00ednh x\u00e1c cho c\u00f4ng tr\u00ecnh.<\/p>\n<\/li>\n<\/ol>\n<h3 data-start=\"306\" data-end=\"333\"><strong data-start=\"310\" data-end=\"333\">Gi\u1edbi thi\u1ec7u s\u1ea3n ph\u1ea9m<\/strong><\/h3>\n<div class=\"plus-icon-list-text \">\n<div class=\"plus-icon-list-text \">\n<div class=\"plus-icon-list-text \">\n<div class=\"plus-icon-list-text \">\n<p class=\"gt-block\"><strong>C\u1ea5u tr\u00fac m\u1ea1nh m\u1ebd<\/strong>:C\u00e1c th\u00e0nh ph\u1ea7n \u0111\u01b0\u1ee3c h\u00e0n v\u1edbi \u0111\u1ed9 b\u1ec1n cao v\u00e0 tr\u1ecdng l\u01b0\u1ee3ng nh\u1eb9 v\u00e0 \u0111\u01b0\u1ee3c x\u1eed l\u00fd \u0111\u1ec3 gi\u1ea3m \u1ee9ng su\u1ea5t nh\u1eb1m ng\u0103n ng\u1eeba bi\u1ebfn d\u1ea1ng.<\/p>\n<p class=\"gt-block\"><strong>Ch\u1ec9 \u0111\u1ecbnh C\u0103n ch\u1ec9nh<\/strong>: Vi\u1ec7c c\u0103n ch\u1ec9nh t\u1ef1 \u0111\u1ed9ng c\u00e1nh v\u00e0 t\u1ea5m l\u01b0\u1edbi \u0111\u01b0\u1ee3c th\u1ef1c hi\u1ec7n b\u1eb1ng h\u1ec7 th\u1ed1ng k\u1eb9p \u0111\u1ed3ng b\u1ed9, h\u1ec7 th\u1ed1ng n\u00e0y c\u0169ng ng\u0103n ng\u1eeba hi\u1ec7n t\u01b0\u1ee3ng l\u1eafc l\u01b0 trong qu\u00e1 tr\u00ecnh l\u1eafp r\u00e1p.<\/p>\n<\/div>\n<div class=\"plus-icon-list-icon \"><strong>\u0110\u1ed9 b\u1ec1n n\u00e2ng cao<\/strong>: B\u00e1nh xe truy\u1ec1n \u0111\u1ed9ng ch\u00ednh \u0111\u01b0\u1ee3c r\u00e8n nguy\u00ean kh\u1ed1i gi\u00fap t\u0103ng c\u01b0\u1eddng kh\u1ea3 n\u0103ng ch\u1ed1ng m\u00e0i m\u00f2n v\u00e0 n\u00e9n.<\/div>\n<div><\/div>\n<div class=\"plus-icon-list-icon \"><strong>Hi\u1ec7u qu\u1ea3 &amp; An to\u00e0n<\/strong>: Vi\u1ec7c \u0111\u1ecbnh v\u1ecb ph\u00f4i v\u00e0 c\u00e1c quy tr\u00ecnh li\u00ean quan kh\u00e1c \u0111\u01b0\u1ee3c h\u1ee3p l\u00fd h\u00f3a b\u1eb1ng ph\u01b0\u01a1ng ti\u1ec7n t\u1ef1 \u0111\u1ed9ng h\u00f3a, do \u0111\u00f3 t\u0103ng hi\u1ec7u qu\u1ea3 v\u00e0 an to\u00e0n t\u1ed5ng th\u1ec3<\/div>\n<\/div>\n<\/div>\n<\/div>\n<hr data-start=\"1435\" data-end=\"1438\" \/>\n<h3 data-start=\"1440\" data-end=\"1472\"><strong data-start=\"1444\" data-end=\"1472\">Th\u00f4ng s\u1ed1 k\u1ef9 thu\u1eadt :<\/strong><\/h3>\n<table width=\"697\">\n<tbody>\n<tr>\n<td width=\"331\"><strong>Model<\/strong><\/td>\n<td width=\"366\"><strong>HZJ-0815<\/strong><\/td>\n<\/tr>\n<tr>\n<td width=\"331\">Chi\u1ec1u cao b\u1ea3n b\u1ee5ng<\/td>\n<td width=\"366\">200-1500mm<\/td>\n<\/tr>\n<tr>\n<td width=\"331\">\u0110\u1ed9 d\u00e0y b\u1ea3n b\u1ee5ng<\/td>\n<td width=\"366\">6-50mm<\/td>\n<\/tr>\n<tr>\n<td width=\"331\">Chi\u1ec1u r\u1ed9ng b\u1ea3n c\u00e1nh<\/td>\n<td width=\"366\">200-800mm<\/td>\n<\/tr>\n<tr>\n<td width=\"331\">\u0110\u1ed9 d\u00e0y b\u1ea3n c\u00e1nh<\/td>\n<td width=\"366\">6-60mm<\/td>\n<\/tr>\n<tr>\n<td width=\"331\">Chi\u1ec1u d\u00e0i ph\u00f4i<\/td>\n<td width=\"366\">4000-15000mm<\/td>\n<\/tr>\n<tr>\n<td width=\"331\">T\u1ed1c \u0111\u1ed9 l\u1eafp r\u00e1p<\/td>\n<td width=\"366\">0.5-6 m\/min<\/td>\n<\/tr>\n<tr>\n<td width=\"331\">C\u00f4ng su\u1ea5t m\u00e1y ch\u00ednh<\/td>\n<td width=\"366\">5.5 kW<\/td>\n<\/tr>\n<tr>\n<td width=\"331\">C\u00f4ng su\u1ea5t tr\u1ea1m th\u1ee7y l\u1ef1c<\/td>\n<td width=\"366\">5.5 kW<\/td>\n<\/tr>\n<\/tbody>\n<\/table>\n<hr data-start=\"2039\" data-end=\"2042\" \/>\n<p data-start=\"1935\" data-end=\"2083\"><strong data-start=\"2118\" data-end=\"2134\"><a href=\"http:\/\/www.ematech.com\">EMA TECH<\/a> <\/strong> chuy\u00ean cung c\u1ea5p m\u00e1y \u0111\u00ednh g\u00e1 d\u1ea7m H\u00a0 ch\u1ea5t l\u01b0\u1ee3ng cao \u0111\u1ebfn t\u1eeb th\u01b0\u01a1ng hi\u1ec7u h\u00e0ng \u0111\u1ea7u VN<\/p>\n<ul data-start=\"2084\" data-end=\"2193\">\n<li data-start=\"2084\" data-end=\"2110\">\n<p data-start=\"2086\" data-end=\"2110\">T\u01b0 v\u1ea5n gi\u1ea3i ph\u00e1p ph\u00f9 h\u1ee3p<\/p>\n<\/li>\n<li data-start=\"2111\" data-end=\"2142\">\n<p data-start=\"2113\" data-end=\"2142\">H\u01b0\u1edbng d\u1eabn v\u1eadn h\u00e0nh, l\u1eadp tr\u00ecnh<\/p>\n<\/li>\n<li data-start=\"2143\" data-end=\"2193\">\n<p data-start=\"2145\" data-end=\"2193\">B\u1ea3o h\u00e0nh ch\u00ednh h\u00e3ng, h\u1ed7 tr\u1ee3 k\u1ef9 thu\u1eadt nhanh ch\u00f3ng<\/p>\n<\/li>\n<\/ul>\n<p data-start=\"2195\" data-end=\"2262\">\ud83d\udcde <strong data-start=\"2198\" data-end=\"2262\">Li\u00ean h\u1ec7 ngay <a href=\"http:\/\/www.ematech.com\">EMA TECH<\/a> \u0111\u1ec3 \u0111\u01b0\u1ee3c t\u01b0 v\u1ea5n chi ti\u1ebft v\u00e0 nh\u1eadn b\u00e1o gi\u00e1 \u01b0u \u0111\u00e3i!<\/strong><\/p>\n<p data-start=\"2044\" data-end=\"2188\">\ud83d\udce6 <strong data-start=\"2047\" data-end=\"2112\">H\u00e0ng ch\u00ednh h\u00e3ng \u2013 B\u1ea3o h\u00e0nh \u0111\u1ea7y \u0111\u1ee7 \u2013 H\u1ed7 tr\u1ee3 k\u1ef9 thu\u1eadt to\u00e0n qu\u1ed1c<\/strong><\/p>\n","protected":false},"excerpt":{"rendered":"<h3 data-start=\"848\" data-end=\"871\"><strong data-start=\"852\" data-end=\"871\">\u01afu \u0111i\u1ec3m n\u1ed5i b\u1eadt<\/strong><\/h3>\n<div class=\"plus-icon-list-text \">\n<div class=\"plus-icon-list-text \">\n<div class=\"plus-icon-list-text \">\n<ul style=\"list-style-type: circle;\">\n<li class=\"gt-block\"><strong>C\u1ea5u tr\u00fac m\u1ea1nh m\u1ebd<\/strong>:C\u00e1c th\u00e0nh ph\u1ea7n \u0111\u01b0\u1ee3c h\u00e0n v\u1edbi \u0111\u1ed9 b\u1ec1n cao v\u00e0 tr\u1ecdng l\u01b0\u1ee3ng nh\u1eb9 v\u00e0 \u0111\u01b0\u1ee3c x\u1eed l\u00fd \u0111\u1ec3 gi\u1ea3m \u1ee9ng su\u1ea5t nh\u1eb1m ng\u0103n ng\u1eeba bi\u1ebfn d\u1ea1ng.<\/li>\n<li class=\"gt-block\"><strong>Ch\u1ec9 \u0111\u1ecbnh C\u0103n ch\u1ec9nh<\/strong>: Vi\u1ec7c c\u0103n ch\u1ec9nh t\u1ef1 \u0111\u1ed9ng c\u00e1nh v\u00e0 t\u1ea5m l\u01b0\u1edbi \u0111\u01b0\u1ee3c th\u1ef1c hi\u1ec7n b\u1eb1ng h\u1ec7 th\u1ed1ng k\u1eb9p \u0111\u1ed3ng b\u1ed9, h\u1ec7 th\u1ed1ng n\u00e0y c\u0169ng ng\u0103n ng\u1eeba hi\u1ec7n t\u01b0\u1ee3ng l\u1eafc l\u01b0 trong qu\u00e1 tr\u00ecnh l\u1eafp r\u00e1p.<\/li>\n<li class=\"gt-block\"><strong>\u0110\u1ed9 b\u1ec1n n\u00e2ng cao<\/strong>: B\u00e1nh xe truy\u1ec1n \u0111\u1ed9ng ch\u00ednh \u0111\u01b0\u1ee3c r\u00e8n nguy\u00ean kh\u1ed1i gi\u00fap t\u0103ng c\u01b0\u1eddng kh\u1ea3 n\u0103ng ch\u1ed1ng m\u00e0i m\u00f2n v\u00e0 n\u00e9n<\/li>\n<li class=\"gt-block\"><strong>Hi\u1ec7u qu\u1ea3 &amp; An to\u00e0n<\/strong>: Vi\u1ec7c \u0111\u1ecbnh v\u1ecb ph\u00f4i v\u00e0 c\u00e1c quy tr\u00ecnh li\u00ean quan kh\u00e1c \u0111\u01b0\u1ee3c h\u1ee3p l\u00fd h\u00f3a b\u1eb1ng ph\u01b0\u01a1ng ti\u1ec7n t\u1ef1 \u0111\u1ed9ng h\u00f3a, do \u0111\u00f3 t\u0103ng hi\u1ec7u qu\u1ea3 v\u00e0 an to\u00e0n t\u1ed5ng th\u1ec3<\/li>\n<\/ul>\n<\/div>\n<\/div>\n<\/div>\n","protected":false},"featured_media":1170,"comment_status":"open","ping_status":"closed","template":"","meta":[],"yst_prominent_words":[],"_links":{"self":[{"href":"https:\/\/ematechvn.com\/index.php?rest_route=\/wp\/v2\/product\/1185"}],"collection":[{"href":"https:\/\/ematechvn.com\/index.php?rest_route=\/wp\/v2\/product"}],"about":[{"href":"https:\/\/ematechvn.com\/index.php?rest_route=\/wp\/v2\/types\/product"}],"replies":[{"embeddable":true,"href":"https:\/\/ematechvn.com\/index.php?rest_route=%2Fwp%2Fv2%2Fcomments&post=1185"}],"wp:featuredmedia":[{"embeddable":true,"href":"https:\/\/ematechvn.com\/index.php?rest_route=\/wp\/v2\/media\/1170"}],"wp:attachment":[{"href":"https:\/\/ematechvn.com\/index.php?rest_route=%2Fwp%2Fv2%2Fmedia&parent=1185"}],"wp:term":[{"taxonomy":"yst_prominent_words","embeddable":true,"href":"https:\/\/ematechvn.com\/index.php?rest_route=%2Fwp%2Fv2%2Fyst_prominent_words&post=1185"}],"curies":[{"name":"wp","href":"https:\/\/api.w.org\/{rel}","templated":true}]}}