{"id":1186,"date":"2025-11-12T14:48:55","date_gmt":"2025-11-12T07:48:55","guid":{"rendered":"https:\/\/ematechvn.com\/?post_type=product&#038;p=1186"},"modified":"2025-11-12T14:56:49","modified_gmt":"2025-11-12T07:56:49","slug":"may-nan-thang-dam-h","status":"publish","type":"product","link":"https:\/\/ematechvn.com\/?product=may-nan-thang-dam-h","title":{"rendered":"M\u00e1y N\u1eafn Th\u1eb3ng D\u1ea7m H"},"content":{"rendered":"<p data-start=\"0\" data-end=\"163\"><strong data-start=\"0\" data-end=\"23\">M\u00e1y n\u1eafn th\u1eb3ng d\u1ea7m H<\/strong> l\u00e0 m\u00e1y d\u00f9ng \u0111\u1ec3 <strong data-start=\"39\" data-end=\"79\">k\u00e9o ho\u1eb7c \u00e9p th\u1eb3ng c\u00e1c d\u1ea7m h\u00ecnh ch\u1eef H<\/strong> b\u1ecb cong, v\u00eanh ho\u1eb7c m\u00e9o \u0111\u1ec3 \u0111\u01b0a v\u1ec1 h\u00ecnh d\u1ea1ng chu\u1ea9n tr\u01b0\u1edbc khi s\u1eed d\u1ee5ng trong k\u1ebft c\u1ea5u.<\/p>\n<ul data-start=\"165\" data-end=\"409\">\n<li data-start=\"165\" data-end=\"409\">\n<p data-start=\"167\" data-end=\"189\"><strong data-start=\"167\" data-end=\"187\">Ch\u1ee9c n\u0103ng ch\u00ednh:<\/strong><\/p>\n<ol data-start=\"192\" data-end=\"409\">\n<li data-start=\"192\" data-end=\"258\">\n<p data-start=\"195\" data-end=\"258\"><strong data-start=\"195\" data-end=\"214\">N\u1eafn th\u1eb3ng d\u1ea7m H<\/strong> b\u1ecb cong v\u00eanh sau khi c\u1eaft ho\u1eb7c v\u1eadn chuy\u1ec3n.<\/p>\n<\/li>\n<li data-start=\"261\" data-end=\"340\">\n<p data-start=\"264\" data-end=\"340\"><strong data-start=\"264\" data-end=\"302\">\u0110\u1ea3m b\u1ea3o k\u00edch th\u01b0\u1edbc v\u00e0 \u0111\u1ed9 ch\u00ednh x\u00e1c<\/strong> c\u1ee7a d\u1ea7m tr\u01b0\u1edbc khi l\u1eafp r\u00e1p ho\u1eb7c h\u00e0n.<\/p>\n<\/li>\n<li data-start=\"343\" data-end=\"409\">\n<p data-start=\"346\" data-end=\"409\"><strong data-start=\"346\" data-end=\"376\">T\u0103ng ch\u1ea5t l\u01b0\u1ee3ng v\u00e0 an to\u00e0n<\/strong> cho k\u1ebft c\u1ea5u th\u00e9p khi l\u1eafp d\u1ef1ng.<\/p>\n<\/li>\n<\/ol>\n<\/li>\n<\/ul>\n<h3 data-start=\"306\" data-end=\"333\"><strong data-start=\"310\" data-end=\"333\">Gi\u1edbi thi\u1ec7u s\u1ea3n ph\u1ea9m<\/strong><\/h3>\n<div class=\"plus-icon-list-text \">\n<div class=\"plus-icon-list-text \">\n<div class=\"plus-icon-list-text \">\n<div class=\"plus-icon-list-text \"><\/div>\n<div class=\"plus-icon-list-icon \">\n<div class=\"plus-icon-list-text \">\n<p class=\"gt-block\"><strong>M\u1ee5c \u0111\u00edch<\/strong>: M\u00e1y \u00e1p d\u1ee5ng c\u00e1c bi\u1ec7n ph\u00e1p kh\u1eafc ph\u1ee5c c\u00e1c l\u1ed7i tr\u00ean t\u1ea5m b\u00edch d\u1ea7m ch\u1eef H do h\u00e0n g\u00e2y ra.<\/p>\n<div class=\"plus-icon-list-text \">\n<p class=\"gt-block\"><strong>Nguy\u00ean t\u1eafc l\u00e0m vi\u1ec7c<\/strong>: B\u00e1nh xe hi\u1ec7u ch\u1ec9nh ph\u00eda tr\u00ean t\u00e1c d\u1ee5ng l\u1ef1c v\u00e0o c\u00e1c m\u1eb7t b\u00ean v\u00e0 b\u00e1nh xe hi\u1ec7u ch\u1ec9nh ph\u00eda d\u01b0\u1edbi t\u00e1c d\u1ee5ng l\u1ef1c v\u00e0o \u0111i\u1ec3m gi\u1eefa c\u1ee7a t\u1ea5m b\u00edch.<\/p>\n<p class=\"gt-block\"><strong>C\u01a1 ch\u1ebf<\/strong>:C\u00e1c m\u1eb7t c\u1ee7a t\u1ea5m b\u00edch \u1edf v\u1ecb tr\u00ed th\u1eb3ng \u0111\u1ee9ng v\u00e0 \u0111\u01b0\u1ee3c \u00e9p xu\u1ed1ng b\u1edfi c\u00e1c b\u00e1nh xe ph\u00eda tr\u00ean \u0111\u01b0\u1ee3c li\u00ean k\u1ebft v\u1edbi b\u1ed9 gi\u1ea3m t\u1ed1c \u0111\u1ed9ng c\u01a1.<\/p>\n<\/div>\n<\/div>\n<div class=\"plus-icon-list-icon \"><strong>K\u1ebft qu\u1ea3<\/strong>:C\u00e1ch ti\u1ebfp c\u1eadn n\u00e0y c\u00f3 hi\u1ec7u qu\u1ea3 trong vi\u1ec7c ch\u1ed1ng l\u1ea1i t\u00e1c \u0111\u1ed9ng c\u1ee7a bi\u1ebfn d\u1ea1ng h\u00e0n<\/div>\n<\/div>\n<\/div>\n<\/div>\n<\/div>\n<hr data-start=\"1435\" data-end=\"1438\" \/>\n<h3 data-start=\"1440\" data-end=\"1472\"><strong data-start=\"1444\" data-end=\"1472\">Th\u00f4ng s\u1ed1 k\u1ef9 thu\u1eadt :<\/strong><\/h3>\n<table id=\"footable_550\" class=\"foo-table ninja_footable foo_table_550 ninja_table_unique_id_1012528371_550 ui table nt_type_legacy_table selectable celled striped vertical_centered footable-paging-right ninja_table_pro footable footable-5 footable-filtering footable-filtering-right footable-paging breakpoint-lg\" style=\"width: 51.7473%;\" data-ninja_table_instance=\"ninja_table_instance_4\" data-footable_id=\"550\" data-filter-delay=\"1000\" aria-label=\"zhouxiang.csv\" data-unique_identifier=\"ninja_table_unique_id_1012528371_550\">\n<thead>\n<tr class=\"footable-header\">\n<th class=\"ninja_column_0 ninja_clmn_nm_model footable-sortable footable-first-visible\" style=\"width: 64.7249%;\" scope=\"col\"><\/th>\n<th class=\"ninja_column_1 ninja_clmn_nm_jzj8 footable-sortable footable-last-visible\" style=\"width: 99.0291%;\" scope=\"col\">JZJ-800<\/th>\n<\/tr>\n<\/thead>\n<tbody>\n<tr class=\"ninja_table_row_0 nt_row_id_32\" data-row_id=\"32\">\n<td class=\"ninja_column_0 ninja_clmn_nm_model footable-first-visible\" style=\"width: 64.7249%;\">Chi\u1ec1u r\u1ed9ng m\u1eb7t b\u00edch<\/td>\n<td class=\"ninja_column_1 ninja_clmn_nm_jzj8 footable-last-visible\" style=\"width: 99.0291%;\">200 ~ 800mm<\/td>\n<\/tr>\n<tr class=\"ninja_table_row_1 nt_row_id_33\" data-row_id=\"33\">\n<td class=\"ninja_column_0 ninja_clmn_nm_model footable-first-visible\" style=\"width: 64.7249%;\">\u0110\u1ed9 d\u00e0y m\u1eb7t b\u00edch<\/td>\n<td class=\"ninja_column_1 ninja_clmn_nm_jzj8 footable-last-visible\" style=\"width: 99.0291%;\">\u226440mm<\/td>\n<\/tr>\n<tr class=\"ninja_table_row_2 nt_row_id_34\" data-row_id=\"34\">\n<td class=\"ninja_column_0 ninja_clmn_nm_model footable-first-visible\" style=\"width: 64.7249%;\">Chi\u1ec1u cao web t\u1ed1i thi\u1ec3u<\/td>\n<td class=\"ninja_column_1 ninja_clmn_nm_jzj8 footable-last-visible\" style=\"width: 99.0291%;\">350mm<\/td>\n<\/tr>\n<tr class=\"ninja_table_row_3 nt_row_id_35\" data-row_id=\"35\">\n<td class=\"ninja_column_0 ninja_clmn_nm_model footable-first-visible\" style=\"width: 64.7249%;\">Ch\u1ea5t li\u1ec7u c\u1ee7a t\u1ea5m<\/td>\n<td class=\"ninja_column_1 ninja_clmn_nm_jzj8 footable-last-visible\" style=\"width: 99.0291%;\">Q235-A<\/td>\n<\/tr>\n<tr class=\"ninja_table_row_4 nt_row_id_36\" data-row_id=\"36\">\n<td class=\"ninja_column_0 ninja_clmn_nm_model footable-first-visible\" style=\"width: 64.7249%;\">T\u1ed1c \u0111\u1ed9 du\u1ed7i th\u1eb3ng<\/td>\n<td class=\"ninja_column_1 ninja_clmn_nm_jzj8 footable-last-visible\" style=\"width: 99.0291%;\">9m \/ ph\u00fat<\/td>\n<\/tr>\n<tr class=\"ninja_table_row_5 nt_row_id_37\" data-row_id=\"37\">\n<td class=\"ninja_column_0 ninja_clmn_nm_model footable-first-visible\" style=\"width: 64.7249%;\">C\u00f4ng su\u1ea5t c\u1ee7a to\u00e0n b\u1ed9 m\u00e1y<\/td>\n<td class=\"ninja_column_1 ninja_clmn_nm_jzj8 footable-last-visible\" style=\"width: 99.0291%;\">13.2kW<\/td>\n<\/tr>\n<\/tbody>\n<\/table>\n<hr data-start=\"2039\" data-end=\"2042\" \/>\n<p data-start=\"1935\" data-end=\"2083\"><strong data-start=\"2118\" data-end=\"2134\"><a href=\"http:\/\/www.ematech.com\">EMA TECH<\/a> <\/strong> chuy\u00ean cung c\u1ea5p m\u00e1y n\u1eafn th\u1eb3ng d\u1ea7m H\u00a0 ch\u1ea5t l\u01b0\u1ee3ng cao \u0111\u1ebfn t\u1eeb th\u01b0\u01a1ng hi\u1ec7u h\u00e0ng \u0111\u1ea7u VN<\/p>\n<ul data-start=\"2084\" data-end=\"2193\">\n<li data-start=\"2084\" data-end=\"2110\">\n<p data-start=\"2086\" data-end=\"2110\">T\u01b0 v\u1ea5n gi\u1ea3i ph\u00e1p ph\u00f9 h\u1ee3p<\/p>\n<\/li>\n<li data-start=\"2111\" data-end=\"2142\">\n<p data-start=\"2113\" data-end=\"2142\">H\u01b0\u1edbng d\u1eabn v\u1eadn h\u00e0nh, l\u1eadp tr\u00ecnh<\/p>\n<\/li>\n<li data-start=\"2143\" data-end=\"2193\">\n<p data-start=\"2145\" data-end=\"2193\">B\u1ea3o h\u00e0nh ch\u00ednh h\u00e3ng, h\u1ed7 tr\u1ee3 k\u1ef9 thu\u1eadt nhanh ch\u00f3ng<\/p>\n<\/li>\n<\/ul>\n<p data-start=\"2195\" data-end=\"2262\">\ud83d\udcde <strong data-start=\"2198\" data-end=\"2262\">Li\u00ean h\u1ec7 ngay <a href=\"http:\/\/www.ematech.com\">EMA TECH<\/a> \u0111\u1ec3 \u0111\u01b0\u1ee3c t\u01b0 v\u1ea5n chi ti\u1ebft v\u00e0 nh\u1eadn b\u00e1o gi\u00e1 \u01b0u \u0111\u00e3i!<\/strong><\/p>\n<p data-start=\"2044\" data-end=\"2188\">\ud83d\udce6 <strong data-start=\"2047\" data-end=\"2112\">H\u00e0ng ch\u00ednh h\u00e3ng \u2013 B\u1ea3o h\u00e0nh \u0111\u1ea7y \u0111\u1ee7 \u2013 H\u1ed7 tr\u1ee3 k\u1ef9 thu\u1eadt to\u00e0n qu\u1ed1c<\/strong><\/p>\n","protected":false},"excerpt":{"rendered":"<h3 data-start=\"848\" data-end=\"871\"><strong data-start=\"852\" data-end=\"871\">\u01afu \u0111i\u1ec3m n\u1ed5i b\u1eadt<\/strong><\/h3>\n<div class=\"plus-icon-list-text \">\n<div class=\"plus-icon-list-text \">\n<div class=\"plus-icon-list-text \">\n<div class=\"plus-icon-list-text \">\n<ul style=\"list-style-type: circle;\">\n<li class=\"gt-block\"><strong>M\u1ee5c \u0111\u00edch<\/strong>: M\u00e1y \u00e1p d\u1ee5ng c\u00e1c bi\u1ec7n ph\u00e1p kh\u1eafc ph\u1ee5c c\u00e1c l\u1ed7i tr\u00ean t\u1ea5m b\u00edch d\u1ea7m ch\u1eef H do h\u00e0n g\u00e2y ra.<\/li>\n<li class=\"plus-icon-list-text \">\n<p class=\"gt-block\"><strong>Nguy\u00ean t\u1eafc l\u00e0m vi\u1ec7c<\/strong>: B\u00e1nh xe hi\u1ec7u ch\u1ec9nh ph\u00eda tr\u00ean t\u00e1c d\u1ee5ng l\u1ef1c v\u00e0o c\u00e1c m\u1eb7t b\u00ean v\u00e0 b\u00e1nh xe hi\u1ec7u ch\u1ec9nh ph\u00eda d\u01b0\u1edbi t\u00e1c d\u1ee5ng l\u1ef1c v\u00e0o \u0111i\u1ec3m gi\u1eefa c\u1ee7a t\u1ea5m b\u00edch.<\/p>\n<\/li>\n<li class=\"plus-icon-list-text \">\n<p class=\"gt-block\"><strong>C\u01a1 ch\u1ebf<\/strong>: C\u00e1c m\u1eb7t c\u1ee7a t\u1ea5m b\u00edch \u1edf v\u1ecb tr\u00ed th\u1eb3ng \u0111\u1ee9ng v\u00e0 \u0111\u01b0\u1ee3c \u00e9p xu\u1ed1ng b\u1edfi c\u00e1c b\u00e1nh xe ph\u00eda tr\u00ean \u0111\u01b0\u1ee3c li\u00ean k\u1ebft v\u1edbi b\u1ed9 gi\u1ea3m t\u1ed1c \u0111\u1ed9ng c\u01a1.<\/p>\n<\/li>\n<li class=\"plus-icon-list-text \">\n<p class=\"gt-block\"><strong>K\u1ebft qu\u1ea3<\/strong>: C\u00e1ch ti\u1ebfp c\u1eadn n\u00e0y c\u00f3 hi\u1ec7u qu\u1ea3 trong vi\u1ec7c ch\u1ed1ng l\u1ea1i t\u00e1c \u0111\u1ed9ng c\u1ee7a bi\u1ebfn d\u1ea1ng h\u00e0n<\/p>\n<\/li>\n<\/ul>\n<\/div>\n<\/div>\n<\/div>\n<\/div>\n","protected":false},"featured_media":1187,"comment_status":"open","ping_status":"closed","template":"","meta":[],"yst_prominent_words":[],"_links":{"self":[{"href":"https:\/\/ematechvn.com\/index.php?rest_route=\/wp\/v2\/product\/1186"}],"collection":[{"href":"https:\/\/ematechvn.com\/index.php?rest_route=\/wp\/v2\/product"}],"about":[{"href":"https:\/\/ematechvn.com\/index.php?rest_route=\/wp\/v2\/types\/product"}],"replies":[{"embeddable":true,"href":"https:\/\/ematechvn.com\/index.php?rest_route=%2Fwp%2Fv2%2Fcomments&post=1186"}],"wp:featuredmedia":[{"embeddable":true,"href":"https:\/\/ematechvn.com\/index.php?rest_route=\/wp\/v2\/media\/1187"}],"wp:attachment":[{"href":"https:\/\/ematechvn.com\/index.php?rest_route=%2Fwp%2Fv2%2Fmedia&parent=1186"}],"wp:term":[{"taxonomy":"yst_prominent_words","embeddable":true,"href":"https:\/\/ematechvn.com\/index.php?rest_route=%2Fwp%2Fv2%2Fyst_prominent_words&post=1186"}],"curies":[{"name":"wp","href":"https:\/\/api.w.org\/{rel}","templated":true}]}}