{"id":1191,"date":"2025-11-12T14:59:07","date_gmt":"2025-11-12T07:59:07","guid":{"rendered":"https:\/\/ematechvn.com\/?post_type=product&#038;p=1191"},"modified":"2025-11-12T14:59:26","modified_gmt":"2025-11-12T07:59:26","slug":"may-han-dam-h-dung-3-trong-1","status":"publish","type":"product","link":"https:\/\/ematechvn.com\/?product=may-han-dam-h-dung-3-trong-1","title":{"rendered":"M\u00e1y H\u00e0n D\u1ea7m H \u0110\u1ee9ng 3 trong 1"},"content":{"rendered":"<p>M\u00e1y H\u00e0n C\u1ed5ng D\u1ea7m H t\u1ef1 \u0111\u1ed9ng 2 m\u1ecf l\u00e0 1 b\u1ed9 ph\u1eadn kh\u00f4ng th\u1ec3 thi\u1ebfu trong d\u00e2y chuy\u1ec1n s\u1ea3n xu\u1ea5t k\u1ebft c\u1ea5u th\u00e9p nh\u00e0 x\u01b0\u1edfng, chuy\u00ean d\u1ee5ng \u0111\u1ec3 h\u00e0n d\u1ea7m H<\/p>\n<h3 data-start=\"306\" data-end=\"333\"><strong data-start=\"310\" data-end=\"333\">Gi\u1edbi thi\u1ec7u s\u1ea3n ph\u1ea9m<\/strong><\/h3>\n<div class=\"plus-icon-list-text \">\n<div class=\"plus-icon-list-text \">\n<div class=\"plus-icon-list-text \">\n<p class=\"gt-block\"><strong>C\u1ea5u tr\u00fac gi\u00e0n<\/strong>: Cung c\u1ea5p ho\u1ea1t \u0111\u1ed9ng tr\u01a1n tru v\u00e0 \u0111\u00e1ng tin c\u1eady v\u1edbi \u1ed5 \u0111\u0129a k\u00e9p v\u00e0 \u0111i\u1ec1u khi\u1ec3n t\u1ed1c \u0111\u1ed9 t\u1ea7n s\u1ed1 thay \u0111\u1ed5i.<\/p>\n<div class=\"plus-icon-list-text \">\n<p class=\"gt-block\"><strong>H\u00e0n hi\u1ec7u qu\u1ea3<\/strong>:Nh\u1eefng ti\u1ebfn b\u1ed9 cho ph\u00e9p th\u1ef1c hi\u1ec7n c\u00e1c chu tr\u00ecnh h\u00e0n l\u1eb7p \u0111i l\u1eb7p l\u1ea1i gi\u00fap t\u0103ng n\u0103ng su\u1ea5t chung.<\/p>\n<p class=\"gt-block\"><strong>\u0110\u1ecbnh t\u00e2m t\u1ef1 \u0111\u1ed9ng<\/strong>: Khung h\u1ed3 quang d\u1eabn h\u01b0\u1edbng c\u1ea3i thi\u1ec7n kh\u1ea3 n\u0103ng t\u1ef1 \u0111\u1ed9ng \u0111\u1ecbnh t\u00e2m s\u00fang h\u00e0n, gi\u00fap t\u0103ng ch\u1ea5t l\u01b0\u1ee3ng s\u1ea3n ph\u1ea9m.<\/p>\n<\/div>\n<\/div>\n<div class=\"plus-icon-list-icon \"><strong>Gi\u1ea3m thi\u1ec3u l\u00e3ng ph\u00ed trong t\u1ef1 \u0111\u1ed9ng h\u00f3a th\u00f4ng l\u01b0\u1ee3ng<\/strong>: H\u1ec7 th\u1ed1ng n\u1ea1p v\u00e0 t\u00e1i ch\u1ebf t\u1ef1 \u0111\u1ed9ng t\u1ed1i \u01b0u h\u00f3a l\u01b0\u1ee3ng th\u00f4ng l\u01b0\u1ee3ng h\u00e0n b\u1ecb m\u1ea5t, t\u0103ng hi\u1ec7u qu\u1ea3 t\u00e1i s\u1eed d\u1ee5ng<\/div>\n<\/div>\n<\/div>\n<hr data-start=\"1435\" data-end=\"1438\" \/>\n<h3 data-start=\"1440\" data-end=\"1472\"><strong data-start=\"1444\" data-end=\"1472\">Th\u00f4ng s\u1ed1 k\u1ef9 thu\u1eadt :<\/strong><\/h3>\n<table>\n<tbody>\n<tr>\n<td width=\"346\"><strong>Model<\/strong><\/td>\n<td width=\"388\"><strong>LMH \u2013 4000<\/strong><\/td>\n<\/tr>\n<tr>\n<td width=\"346\">Kh\u1ea3 n\u0103ng h\u00e0n d\u1ea7m c\u00f3 \u0111\u1ed9 d\u00e0y<\/td>\n<td width=\"388\">c\u00e1nh d\u1ea7m nh\u1ecf nh\u1ea5t 8mm, b\u1ee5ng d\u1ea7m nh\u1ecf nh\u1ea5t 6mm (n\u1ebfu h\u00e0m d\u1ea7m c\u00f3 \u0111\u1ed9 d\u00e0y nh\u1ecf h\u01a1n r\u1ea5t d\u1ec5 b\u1ecb cong v\u00eanh)<\/td>\n<\/tr>\n<tr>\n<td width=\"346\">Kh\u1ea3 n\u0103ng h\u00e0n d\u1ea7m c\u00f3 chi\u1ec1u cao b\u1ee5ng<\/td>\n<td width=\"388\">200-1.500 mm<\/td>\n<\/tr>\n<tr>\n<td width=\"346\">Kho\u1ea3ng c\u00e1ch ray m\u00e1y h\u00e0n<\/td>\n<td width=\"388\">4.000 mm<\/td>\n<\/tr>\n<tr>\n<td width=\"346\">T\u1ed1c \u0111\u1ed9 h\u00e0n<\/td>\n<td width=\"388\">0,15 \u2013 1 m\/ ph\u00fat<\/td>\n<\/tr>\n<tr>\n<td width=\"346\">Chi\u1ec1u d\u00e0i \u0111\u01b0\u1eddng ray<\/td>\n<td width=\"388\">18.000 mm<\/td>\n<\/tr>\n<tr>\n<td width=\"346\">T\u1ed1c \u0111\u1ed9 di chuy\u1ec3n t\u1ed1i \u0111a<\/td>\n<td width=\"388\">3.000 mm\/ph\u00fat<\/td>\n<\/tr>\n<tr>\n<td width=\"346\">Chi\u1ec1u r\u1ed9ng c\u00e1nh d\u1ea7m<\/td>\n<td width=\"388\">200-800mm<\/td>\n<\/tr>\n<tr>\n<td width=\"346\">Chi\u1ec1u d\u00e0i v\u1eadt li\u1ec7u h\u00e0n<\/td>\n<td width=\"388\">4.000-15.000 mm<\/td>\n<\/tr>\n<tr>\n<td width=\"346\">Ph\u01b0\u01a1ng ph\u00e1p h\u00e0n<\/td>\n<td width=\"388\">h\u00e0n ph\u1eb3ng ki\u1ec3u l\u00f2ng thuy\u1ec1n<\/td>\n<\/tr>\n<tr>\n<td width=\"346\">C\u00f4ng su\u1ea5t m\u00e1y<\/td>\n<td width=\"388\">3.3Kw<\/td>\n<\/tr>\n<tr>\n<td width=\"346\">Ngu\u1ed3n h\u00e0n<\/td>\n<td width=\"388\">Zhouxiang MZ-1250 welder *2 B\u1ed9<\/td>\n<\/tr>\n<tr>\n<td width=\"346\">K\u00edch th\u01b0\u1edbc m\u00e1y ch\u00ednh<\/td>\n<td width=\"388\">2800x4800x4400 mm<\/td>\n<\/tr>\n<\/tbody>\n<\/table>\n<hr data-start=\"2039\" data-end=\"2042\" \/>\n<p data-start=\"1935\" data-end=\"2083\"><strong data-start=\"2118\" data-end=\"2134\"><a href=\"http:\/\/www.ematech.com\">EMA TECH<\/a> <\/strong> chuy\u00ean cung c\u1ea5p m\u00e1y h\u00e0n c\u1ed5ng d\u1ea7m H t\u1ef1 \u0111\u1ed9ng ch\u1ea5t l\u01b0\u1ee3ng cao \u0111\u1ebfn t\u1eeb th\u01b0\u01a1ng hi\u1ec7u h\u00e0ng \u0111\u1ea7u VN<\/p>\n<ul data-start=\"2084\" data-end=\"2193\">\n<li data-start=\"2084\" data-end=\"2110\">\n<p data-start=\"2086\" data-end=\"2110\">T\u01b0 v\u1ea5n gi\u1ea3i ph\u00e1p ph\u00f9 h\u1ee3p<\/p>\n<\/li>\n<li data-start=\"2111\" data-end=\"2142\">\n<p data-start=\"2113\" data-end=\"2142\">H\u01b0\u1edbng d\u1eabn v\u1eadn h\u00e0nh, l\u1eadp tr\u00ecnh<\/p>\n<\/li>\n<li data-start=\"2143\" data-end=\"2193\">\n<p data-start=\"2145\" data-end=\"2193\">B\u1ea3o h\u00e0nh ch\u00ednh h\u00e3ng, h\u1ed7 tr\u1ee3 k\u1ef9 thu\u1eadt nhanh ch\u00f3ng<\/p>\n<\/li>\n<\/ul>\n<p data-start=\"2195\" data-end=\"2262\">\ud83d\udcde <strong data-start=\"2198\" data-end=\"2262\">Li\u00ean h\u1ec7 ngay <a href=\"http:\/\/www.ematech.com\">EMA TECH<\/a> \u0111\u1ec3 \u0111\u01b0\u1ee3c t\u01b0 v\u1ea5n chi ti\u1ebft v\u00e0 nh\u1eadn b\u00e1o gi\u00e1 \u01b0u \u0111\u00e3i!<\/strong><\/p>\n<p data-start=\"2044\" data-end=\"2188\">\ud83d\udce6 <strong data-start=\"2047\" data-end=\"2112\">H\u00e0ng ch\u00ednh h\u00e3ng \u2013 B\u1ea3o h\u00e0nh \u0111\u1ea7y \u0111\u1ee7 \u2013 H\u1ed7 tr\u1ee3 k\u1ef9 thu\u1eadt to\u00e0n qu\u1ed1c<\/strong><\/p>\n","protected":false},"excerpt":{"rendered":"<h3 data-start=\"848\" data-end=\"871\"><strong data-start=\"852\" data-end=\"871\">\u01afu \u0111i\u1ec3m n\u1ed5i b\u1eadt<\/strong><\/h3>\n<div class=\"plus-icon-list-text \">\n<div class=\"plus-icon-list-text \">\n<ul style=\"list-style-type: circle;\">\n<li class=\"gt-block\"><strong>C\u1ea5u tr\u00fac gi\u00e0n<\/strong>: Cung c\u1ea5p ho\u1ea1t \u0111\u1ed9ng tr\u01a1n tru v\u00e0 \u0111\u00e1ng tin c\u1eady v\u1edbi \u1ed5 \u0111\u0129a k\u00e9p v\u00e0 \u0111i\u1ec1u khi\u1ec3n t\u1ed1c \u0111\u1ed9 t\u1ea7n s\u1ed1 thay \u0111\u1ed5i.<\/li>\n<li class=\"gt-block\"><strong>H\u00e0n hi\u1ec7u qu\u1ea3<\/strong>:Nh\u1eefng ti\u1ebfn b\u1ed9 cho ph\u00e9p th\u1ef1c hi\u1ec7n c\u00e1c chu tr\u00ecnh h\u00e0n l\u1eb7p \u0111i l\u1eb7p l\u1ea1i gi\u00fap t\u0103ng n\u0103ng su\u1ea5t chung.<\/li>\n<li class=\"plus-icon-list-text \">\n<p class=\"gt-block\"><strong>\u0110\u1ecbnh t\u00e2m t\u1ef1 \u0111\u1ed9ng<\/strong>: Khung h\u1ed3 quang d\u1eabn h\u01b0\u1edbng c\u1ea3i thi\u1ec7n kh\u1ea3 n\u0103ng t\u1ef1 \u0111\u1ed9ng \u0111\u1ecbnh t\u00e2m s\u00fang h\u00e0n, gi\u00fap t\u0103ng ch\u1ea5t l\u01b0\u1ee3ng s\u1ea3n ph\u1ea9m.<\/p>\n<\/li>\n<li class=\"plus-icon-list-text \">\n<p class=\"gt-block\"><strong>Gi\u1ea3m thi\u1ec3u l\u00e3ng ph\u00ed trong t\u1ef1 \u0111\u1ed9ng h\u00f3a th\u00f4ng l\u01b0\u1ee3ng<\/strong>: H\u1ec7 th\u1ed1ng n\u1ea1p v\u00e0 t\u00e1i ch\u1ebf t\u1ef1 \u0111\u1ed9ng t\u1ed1i \u01b0u h\u00f3a l\u01b0\u1ee3ng th\u00f4ng l\u01b0\u1ee3ng h\u00e0n b\u1ecb m\u1ea5t, t\u0103ng hi\u1ec7u qu\u1ea3 t\u00e1i s\u1eed d\u1ee5ng<\/p>\n<\/li>\n<\/ul>\n<\/div>\n<\/div>\n","protected":false},"featured_media":1174,"comment_status":"open","ping_status":"closed","template":"","meta":[],"yst_prominent_words":[],"_links":{"self":[{"href":"https:\/\/ematechvn.com\/index.php?rest_route=\/wp\/v2\/product\/1191"}],"collection":[{"href":"https:\/\/ematechvn.com\/index.php?rest_route=\/wp\/v2\/product"}],"about":[{"href":"https:\/\/ematechvn.com\/index.php?rest_route=\/wp\/v2\/types\/product"}],"replies":[{"embeddable":true,"href":"https:\/\/ematechvn.com\/index.php?rest_route=%2Fwp%2Fv2%2Fcomments&post=1191"}],"wp:featuredmedia":[{"embeddable":true,"href":"https:\/\/ematechvn.com\/index.php?rest_route=\/wp\/v2\/media\/1174"}],"wp:attachment":[{"href":"https:\/\/ematechvn.com\/index.php?rest_route=%2Fwp%2Fv2%2Fmedia&parent=1191"}],"wp:term":[{"taxonomy":"yst_prominent_words","embeddable":true,"href":"https:\/\/ematechvn.com\/index.php?rest_route=%2Fwp%2Fv2%2Fyst_prominent_words&post=1191"}],"curies":[{"name":"wp","href":"https:\/\/api.w.org\/{rel}","templated":true}]}}