{"id":1206,"date":"2025-12-11T15:15:50","date_gmt":"2025-12-11T08:15:50","guid":{"rendered":"https:\/\/ematechvn.com\/?post_type=product&#038;p=1206"},"modified":"2025-12-11T15:19:37","modified_gmt":"2025-12-11T08:19:37","slug":"diode-laser-cho-nguon-ipg-max-raycus","status":"publish","type":"product","link":"https:\/\/ematechvn.com\/?product=diode-laser-cho-nguon-ipg-max-raycus","title":{"rendered":"Diode laser cho ngu\u1ed3n IPG\/MAX\/RAYCUS"},"content":{"rendered":"<p data-start=\"283\" data-end=\"677\">Trong ngu\u1ed3n laser fiber, <strong data-start=\"308\" data-end=\"323\">diode laser<\/strong> l\u00e0 th\u00e0nh ph\u1ea7n c\u1ed1t l\u00f5i t\u1ea1o \u00e1nh s\u00e1ng ban \u0111\u1ea7u \u0111\u1ec3 k\u00edch ho\u1ea1t qu\u00e1 tr\u00ecnh khu\u1ebfch \u0111\u1ea1i quang h\u1ecdc. Ch\u1ea5t l\u01b0\u1ee3ng <strong data-start=\"423\" data-end=\"438\">diode laser<\/strong> quy\u1ebft \u0111\u1ecbnh tr\u1ef1c ti\u1ebfp \u0111\u1ebfn hi\u1ec7u su\u1ea5t, tu\u1ed5i th\u1ecd v\u00e0 \u0111\u1ed9 \u1ed5n \u0111\u1ecbnh c\u1ee7a ngu\u1ed3n laser.<br data-start=\"514\" data-end=\"517\" \/>S\u1ea3n ph\u1ea9m diode laser ch\u1ea5t l\u01b0\u1ee3ng cao ph\u00f9 h\u1ee3p v\u1edbi c\u00e1c th\u01b0\u01a1ng hi\u1ec7u ngu\u1ed3n ph\u1ed5 bi\u1ebfn nh\u01b0 <strong data-start=\"600\" data-end=\"620\">IPG, MAX, Raycus<\/strong> \u2014 mang l\u1ea1i hi\u1ec7u su\u1ea5t c\u1eaft\/h\u00e0n t\u1ed1i \u01b0u v\u00e0 tu\u1ed5i th\u1ecd l\u00e2u d\u00e0i.<\/p>\n<h2 data-start=\"684\" data-end=\"712\"><strong data-start=\"687\" data-end=\"712\">1. Diode Laser l\u00e0 g\u00ec?<\/strong><\/h2>\n<p data-start=\"714\" data-end=\"1028\">Diode laser l\u00e0 <strong data-start=\"729\" data-end=\"821\">linh ki\u1ec7n b\u00e1n d\u1eabn ph\u00e1t ra \u00e1nh s\u00e1ng laser \u1edf b\u01b0\u1edbc s\u00f3ng ph\u00f9 h\u1ee3p (th\u01b0\u1eddng 915 nm ho\u1eb7c 976 nm)<\/strong> \u0111\u1ec3 b\u01a1m n\u0103ng l\u01b0\u1ee3ng v\u00e0o s\u1ee3i quang ho\u1ea1t t\u00ednh trong ngu\u1ed3n laser fiber.<br data-start=\"888\" data-end=\"891\" \/>T\u1eeb \u0111\u00f3 n\u0103ng l\u01b0\u1ee3ng quang \u0111\u01b0\u1ee3c khu\u1ebfch \u0111\u1ea1i qua s\u1ee3i quang v\u00e0 t\u1ea1o ra tia laser c\u00f4ng su\u1ea5t l\u1edbn d\u00f9ng trong <strong data-start=\"989\" data-end=\"1027\">c\u1eaft \u2013 h\u00e0n \u2013 kh\u1eafc laser c\u00f4ng nghi\u1ec7p<\/strong>.<\/p>\n<hr data-start=\"1030\" data-end=\"1033\" \/>\n<h2 data-start=\"1035\" data-end=\"1072\"><strong data-start=\"1038\" data-end=\"1072\">2. Ch\u1ee9c n\u0103ng trong ngu\u1ed3n laser<\/strong><\/h2>\n<p data-start=\"1074\" data-end=\"1172\">Diode laser kh\u00f4ng ph\u1ea3i l\u00e0 c\u00f4ng su\u1ea5t \u0111\u1ea7u ra \u2014 m\u00e0 l\u00e0 ngu\u1ed3n s\u00e1ng \u0111\u1ea7u v\u00e0o \u0111\u1ec3 b\u01a1m v\u00e0o s\u1ee3i quang. Ch\u00fang:<\/p>\n<ul data-start=\"1173\" data-end=\"1342\">\n<li data-start=\"1173\" data-end=\"1218\">\n<p data-start=\"1175\" data-end=\"1218\">Ph\u00e1t \u00e1nh s\u00e1ng t\u01b0\u01a1ng th\u00edch b\u01b0\u1edbc s\u00f3ng y\u00eau c\u1ea7u<\/p>\n<\/li>\n<li data-start=\"1219\" data-end=\"1248\">\n<p data-start=\"1221\" data-end=\"1248\">Cung c\u1ea5p n\u0103ng l\u01b0\u1ee3ng \u1ed5n \u0111\u1ecbnh<\/p>\n<\/li>\n<li data-start=\"1249\" data-end=\"1289\">\n<p data-start=\"1251\" data-end=\"1289\">Truy\u1ec1n n\u0103ng l\u01b0\u1ee3ng sang <strong data-start=\"1274\" data-end=\"1289\">pump module<\/strong><\/p>\n<\/li>\n<li data-start=\"1290\" data-end=\"1342\">\n<p data-start=\"1292\" data-end=\"1342\">\u1ea2nh h\u01b0\u1edfng \u0111\u1ebfn <strong data-start=\"1306\" data-end=\"1342\">\u0111\u1ed9 \u1ed5n \u0111\u1ecbnh &amp; hi\u1ec7u qu\u1ea3 khu\u1ebfch \u0111\u1ea1i<\/strong><\/p>\n<\/li>\n<\/ul>\n","protected":false},"excerpt":{"rendered":"<p>Trong ngu\u1ed3n laser fiber, diode laser l\u00e0 th\u00e0nh ph\u1ea7n c\u1ed1t l\u00f5i t\u1ea1o \u00e1nh s\u00e1ng ban \u0111\u1ea7u \u0111\u1ec3 k\u00edch ho\u1ea1t qu\u00e1 tr\u00ecnh khu\u1ebfch \u0111\u1ea1i quang h\u1ecdc. Ch\u1ea5t l\u01b0\u1ee3ng diode laser quy\u1ebft \u0111\u1ecbnh tr\u1ef1c ti\u1ebfp \u0111\u1ebfn hi\u1ec7u su\u1ea5t, tu\u1ed5i th\u1ecd v\u00e0 \u0111\u1ed9 \u1ed5n \u0111\u1ecbnh c\u1ee7a ngu\u1ed3n laser.S\u1ea3n ph\u1ea9m diode laser ch\u1ea5t l\u01b0\u1ee3ng cao ph\u00f9 h\u1ee3p v\u1edbi c\u00e1c [&hellip;]<\/p>\n","protected":false},"featured_media":1207,"comment_status":"open","ping_status":"closed","template":"","meta":[],"yst_prominent_words":[],"_links":{"self":[{"href":"https:\/\/ematechvn.com\/index.php?rest_route=\/wp\/v2\/product\/1206"}],"collection":[{"href":"https:\/\/ematechvn.com\/index.php?rest_route=\/wp\/v2\/product"}],"about":[{"href":"https:\/\/ematechvn.com\/index.php?rest_route=\/wp\/v2\/types\/product"}],"replies":[{"embeddable":true,"href":"https:\/\/ematechvn.com\/index.php?rest_route=%2Fwp%2Fv2%2Fcomments&post=1206"}],"wp:featuredmedia":[{"embeddable":true,"href":"https:\/\/ematechvn.com\/index.php?rest_route=\/wp\/v2\/media\/1207"}],"wp:attachment":[{"href":"https:\/\/ematechvn.com\/index.php?rest_route=%2Fwp%2Fv2%2Fmedia&parent=1206"}],"wp:term":[{"taxonomy":"yst_prominent_words","embeddable":true,"href":"https:\/\/ematechvn.com\/index.php?rest_route=%2Fwp%2Fv2%2Fyst_prominent_words&post=1206"}],"curies":[{"name":"wp","href":"https:\/\/api.w.org\/{rel}","templated":true}]}}