{"id":873,"date":"2025-04-24T10:53:33","date_gmt":"2025-04-24T03:53:33","guid":{"rendered":"https:\/\/ematechvn.com\/?post_type=product&#038;p=873"},"modified":"2025-07-31T09:32:54","modified_gmt":"2025-07-31T02:32:54","slug":"metal-v-grooving-machine","status":"publish","type":"product","link":"https:\/\/ematechvn.com\/?product=metal-v-grooving-machine","title":{"rendered":"M\u00e1y b\u00e0o r\u00e3nh d\u1ecdc"},"content":{"rendered":"","protected":false},"excerpt":{"rendered":"","protected":false},"featured_media":874,"comment_status":"open","ping_status":"closed","template":"","meta":[],"yst_prominent_words":[],"_links":{"self":[{"href":"https:\/\/ematechvn.com\/index.php?rest_route=\/wp\/v2\/product\/873"}],"collection":[{"href":"https:\/\/ematechvn.com\/index.php?rest_route=\/wp\/v2\/product"}],"about":[{"href":"https:\/\/ematechvn.com\/index.php?rest_route=\/wp\/v2\/types\/product"}],"replies":[{"embeddable":true,"href":"https:\/\/ematechvn.com\/index.php?rest_route=%2Fwp%2Fv2%2Fcomments&post=873"}],"wp:featuredmedia":[{"embeddable":true,"href":"https:\/\/ematechvn.com\/index.php?rest_route=\/wp\/v2\/media\/874"}],"wp:attachment":[{"href":"https:\/\/ematechvn.com\/index.php?rest_route=%2Fwp%2Fv2%2Fmedia&parent=873"}],"wp:term":[{"taxonomy":"yst_prominent_words","embeddable":true,"href":"https:\/\/ematechvn.com\/index.php?rest_route=%2Fwp%2Fv2%2Fyst_prominent_words&post=873"}],"curies":[{"name":"wp","href":"https:\/\/api.w.org\/{rel}","templated":true}]}}