{"id":889,"date":"2025-04-24T11:01:19","date_gmt":"2025-04-24T04:01:19","guid":{"rendered":"https:\/\/ematechvn.com\/?post_type=product&#038;p=889"},"modified":"2025-07-31T09:31:48","modified_gmt":"2025-07-31T02:31:48","slug":"may-cat-tam-ong","status":"publish","type":"product","link":"https:\/\/ematechvn.com\/?product=may-cat-tam-ong","title":{"rendered":"M\u00e1y c\u1eaft CNC laser t\u1ea5m \u1ed1ng k\u1ebft h\u1ee3p"},"content":{"rendered":"<h3 data-start=\"124\" data-end=\"219\"><strong data-start=\"128\" data-end=\"219\">M\u00e1y C\u1eaft CNC Laser T\u1ea5m \u2013 \u1ed0ng K\u1ebft H\u1ee3p | Gi\u1ea3i Ph\u00e1p Gia C\u00f4ng Kim Lo\u1ea1i To\u00e0n Di\u1ec7n<\/strong><\/h3>\n<h4 data-start=\"221\" data-end=\"244\"><strong data-start=\"226\" data-end=\"244\">M\u00f4 t\u1ea3 s\u1ea3n ph\u1ea9m<\/strong><\/h4>\n<p data-start=\"246\" data-end=\"598\"><strong data-start=\"246\" data-end=\"311\">M\u00e1y c\u1eaft CNC laser t\u1ea5m \u2013 \u1ed1ng k\u1ebft h\u1ee3p\u00a0 <\/strong>l\u00e0 gi\u1ea3i ph\u00e1p t\u1ed1i \u01b0u cho c\u00e1c doanh nghi\u1ec7p gia c\u00f4ng c\u01a1 kh\u00ed ch\u00ednh x\u00e1c v\u00e0 s\u1ea3n xu\u1ea5t c\u00f4ng nghi\u1ec7p n\u1eb7ng. \u0110\u01b0\u1ee3c thi\u1ebft k\u1ebf v\u1edbi c\u00f4ng ngh\u1ec7 ti\u00ean ti\u1ebfn, m\u00e1y t\u00edch h\u1ee3p kh\u1ea3 n\u0103ng c\u1eaft <strong data-start=\"474\" data-end=\"509\">c\u1ea3 v\u1eadt li\u1ec7u t\u1ea5m v\u00e0 \u1ed1ng kim lo\u1ea1i<\/strong> tr\u00ean c\u00f9ng m\u1ed9t thi\u1ebft b\u1ecb, gi\u00fap ti\u1ebft ki\u1ec7m kh\u00f4ng gian, chi ph\u00ed v\u00e0 t\u1ed1i \u0111a hi\u1ec7u su\u1ea5t l\u00e0m vi\u1ec7c.<\/p>\n<ul style=\"list-style-type: square;\">\n<li data-start=\"1048\" data-end=\"1158\">Khung m\u00e1y ch\u1eafc ch\u1eafn, b\u1ec1n v\u1eefng gi\u00fap qu\u00e1 tr\u00ecnh ho\u1ea1t \u0111\u1ed9ng \u1ed5n \u0111\u1ecbnh, tu\u1ed5i th\u1ecd cao.B\u1ec7 m\u00e1y \u0111\u01b0\u1ee3c h\u00e0n, phay , \u1ee7 nhi\u1ec7t , sau \u0111\u00f3 \u0111\u01b0\u1ee3c phun c\u1eaft x\u1eed l\u00fd b\u1ec1 m\u1eb7t s\u01a1n theo \u0111\u00fang ti\u00eau chu\u1ea9n<\/li>\n<li data-start=\"1048\" data-end=\"1158\">Ngu\u1ed3n MAX\/ Raycus\/ IPG l\u00e0 h\u00e3ng laser n\u1ed5i ti\u1ebfng \u0111\u01b0\u1ee3c kh\u00e1ch h\u00e0ng n\u1ed9i \u0111\u1ecba v\u00e0 c\u00e1c n\u01b0\u1edbc tr\u00ean th\u1ebf gi\u1edbi s\u1eed d\u1ee5ng kh\u00e1 nhi\u1ec1u v\u00e0 \u0111\u01b0\u1ee3c c\u00f4ng nh\u1eadn v\u1ec1 ch\u1ea5t l\u01b0\u1ee3ng<\/li>\n<li data-start=\"1048\" data-end=\"1158\">\u0110\u1ed9ng c\u01a1 truy\u1ec1n \u0111\u1ed9ng m\u00e1y: FUJI\/ YASKAWA \u2013 Nh\u1eadt B\u1ea3n<\/li>\n<li data-start=\"1048\" data-end=\"1158\">\u0110\u1ea7u c\u1eaft Laser: RAYTOOL\/ Th\u1ee5y s\u1ef9 ho\u1eb7c BOCI\/ Bochu c\u00f3 ch\u1ee9c n\u0103ng \u0111i\u1ec1u khi\u1ec3n ti\u00eau c\u1ef1 t\u1ef1 \u0111\u1ed9ng<\/li>\n<li data-start=\"1048\" data-end=\"1158\">H\u1ec7 th\u1ed1ng t\u1ee7 \u0111i\u1ec7n thi\u1ebft k\u1ebf chuy\u00ean nghi\u1ec7p v\u00e0 s\u1eed d\u1ee5ng linh ki\u1ec7n t\u1ed1t, ch\u1ed1ng nhi\u1ec5u t\u00edn hi\u1ec7u.<\/li>\n<li data-start=\"1048\" data-end=\"1158\">H\u1ec7 \u0111i\u1ec1u h\u00e0nh CNC: Cypcut th\u00e2n thi\u1ec7n, d\u1ec5 d\u00e0ng v\u1eadn h\u00e0nh v\u00e0 \u0111\u1ea7y \u0111\u1ee7 c\u00e1c t\u00ednh n\u0103ng t\u1ed1i \u01b0u c\u1eaft.<\/li>\n<li data-start=\"1048\" data-end=\"1158\">M\u00e1y c\u1eaft laser fiber s\u1eed d\u1ee5ng chiller gi\u1ea3i nhi\u1ec7t h\u00e3ng S&amp;A\/ Hanli cho ch\u1ea5t l\u01b0\u1ee3ng t\u1ed1t v\u00e0 \u1ed5n \u0111\u1ecbnh, gi\u00fap thi\u1ebft b\u1ecb lu\u00f4n \u0111\u1ea3m b\u1ea3o nhi\u1ec7t \u0111\u1ed9 an to\u00e0n \u0111\u1ec3 ho\u1ea1t \u0111\u1ed9ng.<\/li>\n<\/ul>\n<p><strong>TH\u00d4NG S\u1ed0 K\u1ef8 THU\u1eacT :<\/strong><\/p>\n<table style=\"width: 107.547%; height: 144px;\" width=\"1062\">\n<tbody>\n<tr style=\"height: 24px;\">\n<td style=\"height: 24px; text-align: center;\" width=\"235\">Model<\/td>\n<td style=\"height: 24px; text-align: center;\" width=\"128\">EL-3015T<\/td>\n<td style=\"height: 24px; text-align: center;\" width=\"128\">EL-4015T<\/td>\n<td style=\"height: 24px; text-align: center;\" width=\"113\">EL-6015T<\/td>\n<td style=\"height: 24px; text-align: center;\" width=\"113\">EL-4020T<\/td>\n<td style=\"height: 24px; text-align: center;\" width=\"115\">EL- 6020T<\/td>\n<td style=\"height: 24px; text-align: center;\" width=\"115\">EL- 6025T<\/td>\n<td style=\"height: 24px; text-align: center;\" width=\"115\">EL-8025T<\/td>\n<\/tr>\n<tr style=\"height: 24px;\">\n<td style=\"height: 24px; text-align: left;\" width=\"235\">C\u00f4ng su\u1ea5t Ngu\u1ed3n laser<\/td>\n<td style=\"height: 24px; text-align: center;\" colspan=\"7\" width=\"827\">1000w~6000w<\/td>\n<\/tr>\n<tr style=\"height: 24px;\">\n<td style=\"height: 24px; text-align: left;\" width=\"235\">Sai s\u1ed1 \u0111\u1ecbnh v\u1ecb<\/td>\n<td style=\"height: 24px; text-align: center;\" colspan=\"7\" width=\"827\">\u00b10.05mm<\/td>\n<\/tr>\n<tr style=\"height: 24px;\">\n<td style=\"height: 24px; text-align: left;\" width=\"235\">Sai s\u1ed1 t\u00e1i \u0111\u1ecbnh v\u1ecb<\/td>\n<td style=\"height: 24px; text-align: center;\" colspan=\"7\" width=\"827\">\u00b10.03mm<\/td>\n<\/tr>\n<tr style=\"height: 24px;\">\n<td style=\"height: 24px; text-align: left;\" width=\"235\">T\u1ed1c \u0111\u1ed9 c\u1eaft t\u1ed1i \u0111a<\/td>\n<td style=\"height: 24px; text-align: center;\" colspan=\"3\" width=\"369\">100m\/min<\/td>\n<td style=\"height: 24px; text-align: center;\" colspan=\"4\" width=\"458\">120m\/min<\/td>\n<\/tr>\n<tr style=\"height: 24px;\">\n<td style=\"height: 24px; text-align: left;\" width=\"235\">\u0110\u01b0\u1eddng k\u00ednh \u1ed1ng<\/td>\n<td style=\"height: 24px; text-align: center;\" colspan=\"7\" width=\"827\">\u03c610-\u03c6230mm,\u25a110- \u25a1230mm<\/td>\n<\/tr>\n<\/tbody>\n<\/table>\n<p>\u0110\u1eebng b\u1ecf l\u1ee1 c\u01a1 h\u1ed9i n\u00e2ng cao hi\u1ec7u qu\u1ea3 s\u1ea3n xu\u1ea5t v\u1edbi m\u00e1y c\u1eaft CNC Laser ch\u1ea5t l\u01b0\u1ee3ng cao<\/p>\n<p>\ud835\udc0b\ud835\udc22\ud835\udc1e\u0302\ud835\udc27 \ud835\udc21\ud835\udc1e\u0323\u0302 \ud835\udc27\ud835\udc20\ud835\udc1a\ud835\udc32 <a href=\"http:\/\/www.ematechvn.com\">\ud835\udc04\ud835\udc0c\ud835\udc00 \ud835\udc13\ud835\udc04\ud835\udc02\ud835\udc07<\/a> \ud835\udfce\ud835\udfd7\ud835\udfd1\ud835\udfd1 \ud835\udfd3\ud835\udfd4\ud835\udfd1 \ud835\udfd4\ud835\udfd0\ud835\udfd3 ngay \u0111\u1ec3 nh\u1eadn b\u00e1o gi\u00e1 &amp; t\u01b0 v\u1ea5n gi\u1ea3i ph\u00e1p ph\u00f9 h\u1ee3p nh\u1ea5t!<\/p>\n","protected":false},"excerpt":{"rendered":"<h4 data-start=\"600\" data-end=\"625\"><strong data-start=\"605\" data-end=\"625\">\u0110\u1eb6C \u0110I\u1ec2M N\u1ed4I B\u1eacT:<\/strong><\/h4>\n<ul data-start=\"626\" data-end=\"1158\">\n<li data-start=\"626\" data-end=\"725\">\n<p data-start=\"628\" data-end=\"725\">\u26a1 <b>T\u1ed1c \u0111\u1ed9<\/b>: C\u1eaft nhanh, m\u1ea1nh m\u1ebd, ph\u00f9 h\u1ee3p v\u1edbi th\u00e9p carbon, th\u00e9p kh\u00f4ng g\u1ec9, nh\u00f4m, \u0111\u1ed3ng\u2026<\/p>\n<\/li>\n<li data-start=\"726\" data-end=\"818\">\n<p data-start=\"728\" data-end=\"818\">\ud83c\udf00 <strong data-start=\"731\" data-end=\"757\">K\u1ebft h\u1ee3p c\u1eaft t\u1ea5m v\u00e0 \u1ed1ng<\/strong>: Linh ho\u1ea1t trong s\u1ea3n xu\u1ea5t, \u0111\u00e1p \u1ee9ng \u0111a d\u1ea1ng nhu c\u1ea7u gia c\u00f4ng.<\/p>\n<\/li>\n<li data-start=\"819\" data-end=\"917\">\n<p data-start=\"821\" data-end=\"917\">\ud83c\udfaf <strong data-start=\"824\" data-end=\"850\">\u0110\u1ed9 ch\u00ednh x\u00e1c tuy\u1ec7t \u0111\u1ed1i<\/strong>: H\u1ec7 th\u1ed1ng \u0111i\u1ec1u khi\u1ec3n CNC th\u00f4ng minh, \u0111\u01b0\u1eddng c\u1eaft m\u1ecbn \u0111\u1eb9p, \u00edt ba via.<\/p>\n<\/li>\n<li data-start=\"918\" data-end=\"1045\">\n<p data-start=\"920\" data-end=\"1045\">\ud83d\udee0\ufe0f <strong data-start=\"924\" data-end=\"965\">K\u1ebft c\u1ea5u ch\u1eafc ch\u1eafn \u2013 Ho\u1ea1t \u0111\u1ed9ng \u1ed5n \u0111\u1ecbnh<\/strong>: Khung m\u00e1y \u0111\u01b0\u1ee3c thi\u1ebft k\u1ebf theo ti\u00eau chu\u1ea9n c\u00f4ng nghi\u1ec7p, \u0111\u1ea3m b\u1ea3o tu\u1ed5i th\u1ecd l\u00e2u d\u00e0i.<\/p>\n<\/li>\n<li data-start=\"1046\" data-end=\"1158\">\n<p data-start=\"1048\" data-end=\"1158\">\ud83c\udf10 <strong data-start=\"1051\" data-end=\"1084\">H\u1ed7 tr\u1ee3 t\u00f9y ch\u1ec9nh theo y\u00eau c\u1ea7u<\/strong>: Nh\u1eadn thi\u1ebft k\u1ebf ri\u00eang ph\u00f9 h\u1ee3p y\u00eau c\u1ea7u c\u1ee7a kh\u00e1ch h\u00e0ng.<\/p>\n<\/li>\n<\/ul>\n","protected":false},"featured_media":1064,"comment_status":"open","ping_status":"closed","template":"","meta":[],"yst_prominent_words":[],"_links":{"self":[{"href":"https:\/\/ematechvn.com\/index.php?rest_route=\/wp\/v2\/product\/889"}],"collection":[{"href":"https:\/\/ematechvn.com\/index.php?rest_route=\/wp\/v2\/product"}],"about":[{"href":"https:\/\/ematechvn.com\/index.php?rest_route=\/wp\/v2\/types\/product"}],"replies":[{"embeddable":true,"href":"https:\/\/ematechvn.com\/index.php?rest_route=%2Fwp%2Fv2%2Fcomments&post=889"}],"wp:featuredmedia":[{"embeddable":true,"href":"https:\/\/ematechvn.com\/index.php?rest_route=\/wp\/v2\/media\/1064"}],"wp:attachment":[{"href":"https:\/\/ematechvn.com\/index.php?rest_route=%2Fwp%2Fv2%2Fmedia&parent=889"}],"wp:term":[{"taxonomy":"yst_prominent_words","embeddable":true,"href":"https:\/\/ematechvn.com\/index.php?rest_route=%2Fwp%2Fv2%2Fyst_prominent_words&post=889"}],"curies":[{"name":"wp","href":"https:\/\/api.w.org\/{rel}","templated":true}]}}