{"id":923,"date":"2025-04-24T11:16:56","date_gmt":"2025-04-24T04:16:56","guid":{"rendered":"https:\/\/ematechvn.com\/?post_type=product&#038;p=923"},"modified":"2025-04-24T13:49:49","modified_gmt":"2025-04-24T06:49:49","slug":"may-xen-ton-04","status":"publish","type":"product","link":"https:\/\/ematechvn.com\/?product=may-xen-ton-04","title":{"rendered":"M\u00e1y x\u00e9n t\u00f4n 04"},"content":{"rendered":"","protected":false},"excerpt":{"rendered":"","protected":false},"featured_media":924,"comment_status":"open","ping_status":"closed","template":"","meta":[],"yst_prominent_words":[],"_links":{"self":[{"href":"https:\/\/ematechvn.com\/index.php?rest_route=\/wp\/v2\/product\/923"}],"collection":[{"href":"https:\/\/ematechvn.com\/index.php?rest_route=\/wp\/v2\/product"}],"about":[{"href":"https:\/\/ematechvn.com\/index.php?rest_route=\/wp\/v2\/types\/product"}],"replies":[{"embeddable":true,"href":"https:\/\/ematechvn.com\/index.php?rest_route=%2Fwp%2Fv2%2Fcomments&post=923"}],"wp:featuredmedia":[{"embeddable":true,"href":"https:\/\/ematechvn.com\/index.php?rest_route=\/wp\/v2\/media\/924"}],"wp:attachment":[{"href":"https:\/\/ematechvn.com\/index.php?rest_route=%2Fwp%2Fv2%2Fmedia&parent=923"}],"wp:term":[{"taxonomy":"yst_prominent_words","embeddable":true,"href":"https:\/\/ematechvn.com\/index.php?rest_route=%2Fwp%2Fv2%2Fyst_prominent_words&post=923"}],"curies":[{"name":"wp","href":"https:\/\/api.w.org\/{rel}","templated":true}]}}