{"id":925,"date":"2025-04-24T11:18:38","date_gmt":"2025-04-24T04:18:38","guid":{"rendered":"https:\/\/ematechvn.com\/?post_type=product&#038;p=925"},"modified":"2025-07-31T09:29:19","modified_gmt":"2025-07-31T02:29:19","slug":"may-nen-khi","status":"publish","type":"product","link":"https:\/\/ematechvn.com\/?product=may-nen-khi","title":{"rendered":"M\u00e1y n\u00e9n kh\u00ed"},"content":{"rendered":"","protected":false},"excerpt":{"rendered":"","protected":false},"featured_media":926,"comment_status":"open","ping_status":"closed","template":"","meta":[],"yst_prominent_words":[],"_links":{"self":[{"href":"https:\/\/ematechvn.com\/index.php?rest_route=\/wp\/v2\/product\/925"}],"collection":[{"href":"https:\/\/ematechvn.com\/index.php?rest_route=\/wp\/v2\/product"}],"about":[{"href":"https:\/\/ematechvn.com\/index.php?rest_route=\/wp\/v2\/types\/product"}],"replies":[{"embeddable":true,"href":"https:\/\/ematechvn.com\/index.php?rest_route=%2Fwp%2Fv2%2Fcomments&post=925"}],"wp:featuredmedia":[{"embeddable":true,"href":"https:\/\/ematechvn.com\/index.php?rest_route=\/wp\/v2\/media\/926"}],"wp:attachment":[{"href":"https:\/\/ematechvn.com\/index.php?rest_route=%2Fwp%2Fv2%2Fmedia&parent=925"}],"wp:term":[{"taxonomy":"yst_prominent_words","embeddable":true,"href":"https:\/\/ematechvn.com\/index.php?rest_route=%2Fwp%2Fv2%2Fyst_prominent_words&post=925"}],"curies":[{"name":"wp","href":"https:\/\/api.w.org\/{rel}","templated":true}]}}